{"id":1688,"date":"2017-11-16T02:17:45","date_gmt":"2017-11-16T01:17:45","guid":{"rendered":"http:\/\/zen-road.org\/?p=1688"},"modified":"2021-03-21T11:00:26","modified_gmt":"2021-03-21T10:00:26","slug":"liens","status":"publish","type":"page","link":"https:\/\/zen-road.org\/de\/liens\/","title":{"rendered":"Links"},"content":{"rendered":"<h2>Links<\/h2>\n<h4>Sanghas und Verb\u00e4nde<\/h4>\n<p><a title=\"externer Link\" href=\"http:\/\/www.zen-azi.org\/\" hreflang=\"fr\"><abbr>AZI<\/abbr><\/a> Offizielle Seite der Internationalen Zen Vereinigung (<acronym lang=\"fr\" title=\"Association Zen Internationale\" xml:lang=\"fr\">AZI<\/acronym>), gegr\u00fcndet von Meister Taisen Deshimaru. Die Seite beinhaltet: eine Erkl\u00e4rung der Praxis des Zazen, Informationen \u00fcber den Haupttempel der <abbr>AZI, <em>La Gendronni\u00e8re<\/em> im Loiretal, eine vollst\u00e4ndige Liste aller Soto-Zen Tempel, Zentren und Gruppen aus Europa und Nordamerika, die Mitglied der <abbr>AZI sind, sowie einen Veranstaltungskalender mit Sesshins, die von den \u00e4lteren Sch\u00fclern Meister Deshimarus geleitet werden.<\/abbr><\/abbr><\/p>\n<p><a title=\"externer Link\" href=\"http:\/\/www.zendojosnord.de\/\">Zen im Norden Deutschlands<\/a> Portal von sechs Zen-Dojos aus Norddeutschland. Die Seite beinhaltet einen Terminkalender, sowie Informationen zu Zen und der Zazenhaltung.<\/p>\n<p><a href=\"http:\/\/zeneinfachessitzen.org\/\" target=\"_blank\" rel=\"noopener\">Zen einfaches Sitzen<\/a> Projekt der Begegnung und des Austauschs &#8211; Zen nach der Lehre Meister Deshimarus.<\/p>\n<p><a href=\"http:\/\/www.mokushozen.hu\/wptest\/?page_id=53&amp;lang=en\" target=\"_blank\" rel=\"noopener\">Mokusho Zen House\u00a0<\/a>is a zen Sangha located in Eastern Europe since 1992. It is founded and lead by monk Myoken, the Dharma-heir of Mokusho Zeisler in the Deshimaru lineage.<\/p>\n<p><a href=\"http:\/\/www.e-b-u.org\/ge\/home.html\" target=\"_blank\" rel=\"noopener\">Europ\u00e4ische Buddhistische Union (EBU)<\/a> Die EBU ist ein Netzwerk von buddhistischen Gemeinschaften und Organisationen in Europa. Sie wurde 1975 gegr\u00fcndet.<\/p>\n<p><a href=\"http:\/\/www.buddhismus-deutschland.de\/dbu\/frameset.php\" target=\"_blank\" rel=\"noopener\">Deutsche Buddhistische Union (DBU)<\/a> Die DBU ist der Dachverband der Buddhisten und buddhistischen Gemeinschaften in Deutschland.Sie wurde 1958 gegr\u00fcndet.<\/p>\n<p><a href=\"http:\/\/www.abzen.eu\/index.php?lang=de\" target=\"_blank\" rel=\"noopener\">Buddhistische Zen Vereinigung Europas (ABZE)<\/a> Homepage der Sangha von Roland Yuno Rech, Sch\u00fcler von Taisen Deshimaru.<\/p>\n<p><a href=\"http:\/\/www.zazen.de\/\" target=\"_blank\" rel=\"noopener\">Zen Vereinigung Deutschland (ZVD)<\/a> Homepage der Sangha von Ludger Tenry\u00fb Tenbreul, Sch\u00fcler von Taisen Deshimaru und Narita Shuyu Roshi.<\/p>\n<p><a title=\"externer Link\" href=\"http:\/\/www.zen-deshimaru.com\/\" hreflang=\"en\">Kosen<\/a> Homepage der Sangha von Kosen St\u00e9phane Thibaut, einem Sch\u00fcler Taisen Deshimarus (den man auf der Website singen h\u00f6ren kann). Eine ausf\u00fchrliche Website mit \u00fcber 2000 Seiten.<\/p>\n<p><a title=\"externer Link\" href=\"http:\/\/www.izauk.org\/\" hreflang=\"en\"><abbr>IZAUK<\/abbr><\/a> Die <span lang=\"en\" xml:lang=\"en\">International Zen Association United Kingdom, eine Dachorganisation der Dojos und Zenguppen der Deshimaru-Nachfolge in ganz Gro\u00dfbritannien.<\/span><\/p>\n<p><span lang=\"en\" xml:lang=\"en\"><br \/>\n<a lang=\"en\" title=\"externer Link\" xml:lang=\"en\" href=\"http:\/\/www.nozt.org\/\" hreflang=\"en\">American Zen Association<\/a> Der New Orleans Zen Temple, Heimat der amerikanischen Zen Vereinigung, geleitet von Robert Livingston, einem alten Sch\u00fcler Taisen Deshimarus. Eine Organisation, die sich \u201edie Erhaltung, das Verst\u00e4ndnis und die Lehre der wahren Soto-Zen Praxis, sowie die Ver\u00f6ffentlichung von seltener und wichtiger Dharma-Literatur\u201c zur Aufgabe gemacht hat.<\/span><\/p>\n<p><span lang=\"en\" xml:lang=\"en\"><br \/>\n<a title=\"externer Link\" href=\"http:\/\/www.leelozowick.com\/\" hreflang=\"en\">Lee Lozowick<\/a> <\/span>Offizielle Homepage des renommierten, verr\u00fcckt-weisen Guru Lee Lozowick, Sch\u00fcler des indischen Yogi Ramsuratkumar.<\/p>\n<div>\n<h4>Verlage und Zeitschriften<\/h4>\n<\/div>\n<div>\n<p><a href=\"http:\/\/www.edition-steinrich.de\/\" target=\"_self\" rel=\"noopener\">Edition Steinrich<\/a><\/p>\n<p><a href=\"http:\/\/www.kristkeitz.de\/\" target=\"_blank\" rel=\"noopener\">Werner Kristkeitz Verlag<\/a><\/p>\n<\/div>\n<div>\n<p><a href=\"http:\/\/www.angkor-verlag.de\/\" target=\"_blank\" rel=\"noopener\">Angkor Verlag<\/a><\/p>\n<\/div>\n<div>\n<p><a href=\"http:\/\/www.buddhismus-aktuell.de\/\" target=\"_blank\" rel=\"noopener\">Buddhismus Aktuell<\/a> Magazin der deutschen Buddhistischen Union<\/p>\n<\/div>\n<div><\/div>\n","protected":false},"excerpt":{"rendered":"<p>Links Sanghas und Verb\u00e4nde AZI Offizielle Seite der Internationalen Zen Vereinigung (AZI), gegr\u00fcndet von Meister Taisen Deshimaru. Die Seite beinhaltet: eine Erkl\u00e4rung der Praxis des Zazen, Informationen \u00fcber den Haupttempel der AZI, La Gendronni\u00e8re im Loiretal, eine vollst\u00e4ndige Liste aller Soto-Zen Tempel, Zentren und Gruppen aus Europa und Nordamerika, die Mitglied der AZI sind, sowie [&hellip;]<\/p>\n","protected":false},"author":11,"featured_media":0,"parent":0,"menu_order":0,"comment_status":"open","ping_status":"open","template":"","meta":{"_genesis_hide_title":false,"_genesis_hide_breadcrumbs":false,"_genesis_hide_singular_image":false,"_genesis_hide_footer_widgets":false,"_genesis_custom_body_class":"","_genesis_custom_post_class":"","_genesis_layout":"","footnotes":""},"class_list":{"0":"post-1688","1":"page","2":"type-page","3":"status-publish","5":"entry"},"translation":{"provider":"WPGlobus","version":"3.0.2","language":"de","enabled_languages":["fr","de","en"],"languages":{"fr":{"title":true,"content":true,"excerpt":false},"de":{"title":true,"content":true,"excerpt":false},"en":{"title":true,"content":true,"excerpt":false}}},"_links":{"self":[{"href":"https:\/\/zen-road.org\/de\/wp-json\/wp\/v2\/pages\/1688","targetHints":{"allow":["GET"]}}],"collection":[{"href":"https:\/\/zen-road.org\/de\/wp-json\/wp\/v2\/pages"}],"about":[{"href":"https:\/\/zen-road.org\/de\/wp-json\/wp\/v2\/types\/page"}],"author":[{"embeddable":true,"href":"https:\/\/zen-road.org\/de\/wp-json\/wp\/v2\/users\/11"}],"replies":[{"embeddable":true,"href":"https:\/\/zen-road.org\/de\/wp-json\/wp\/v2\/comments?post=1688"}],"version-history":[{"count":0,"href":"https:\/\/zen-road.org\/de\/wp-json\/wp\/v2\/pages\/1688\/revisions"}],"wp:attachment":[{"href":"https:\/\/zen-road.org\/de\/wp-json\/wp\/v2\/media?parent=1688"}],"curies":[{"name":"wp","href":"https:\/\/api.w.org\/{rel}","templated":true}]}}