{"id":3868,"date":"2021-05-07T23:03:04","date_gmt":"2021-05-07T21:03:04","guid":{"rendered":"https:\/\/zen-road.org\/?page_id=3868"},"modified":"2023-04-28T20:04:54","modified_gmt":"2023-04-28T18:04:54","slug":"ango-2023-inscription","status":"publish","type":"page","link":"https:\/\/zen-road.org\/de\/ango-2023-inscription\/","title":{"rendered":"Ango 2023 Anmeldung"},"content":{"rendered":"\n<div class=\"wp-block-contact-form-7-contact-form-selector\">\n<div class=\"wpcf7 no-js\" id=\"wpcf7-f5047-o1\" lang=\"en-US\" dir=\"ltr\" data-wpcf7-id=\"5047\">\n<div class=\"screen-reader-response\"><p role=\"status\" aria-live=\"polite\" aria-atomic=\"true\"><\/p> <ul><\/ul><\/div>\n<form action=\"\/de\/wp-json\/wp\/v2\/pages\/3868#wpcf7-f5047-o1\" method=\"post\" class=\"wpcf7-form init\" aria-label=\"Contact form\" novalidate=\"novalidate\" data-status=\"init\">\n<fieldset class=\"hidden-fields-container\"><input type=\"hidden\" name=\"_wpcf7\" value=\"5047\" \/><input type=\"hidden\" name=\"_wpcf7_version\" value=\"6.1.5\" \/><input type=\"hidden\" name=\"_wpcf7_locale\" value=\"en_US\" \/><input type=\"hidden\" name=\"_wpcf7_unit_tag\" value=\"wpcf7-f5047-o1\" \/><input type=\"hidden\" name=\"_wpcf7_container_post\" value=\"0\" \/><input type=\"hidden\" name=\"_wpcf7_posted_data_hash\" value=\"\" \/>\n<\/fieldset>\n<h1>Ango 2023 Anmeldung \/ inscription\n<\/h1>\n<p><label> NACHNAME* \/ NOM*<br \/>\n<span class=\"wpcf7-form-control-wrap\" data-name=\"nachname\"><input size=\"40\" maxlength=\"400\" class=\"wpcf7-form-control wpcf7-text wpcf7-validates-as-required\" aria-required=\"true\" aria-invalid=\"false\" value=\"\" type=\"text\" name=\"nachname\" \/><\/span> <\/label>\n<\/p>\n<p><label> Vorname* \/ Pr\u00e9nom*<br \/>\n<span class=\"wpcf7-form-control-wrap\" data-name=\"vorname\"><input size=\"40\" maxlength=\"400\" class=\"wpcf7-form-control wpcf7-text wpcf7-validates-as-required\" aria-required=\"true\" aria-invalid=\"false\" value=\"\" type=\"text\" name=\"vorname\" \/><\/span> <\/label>\n<\/p>\n<p><label> Mobilnummer damit wir Sie w\u00e4hrend der Anreise erreichen k\u00f6nnen \/ Portable pour contacter vouz pendant l'arriv\u00e9e*<br \/>\n<span class=\"wpcf7-form-control-wrap\" data-name=\"telefon\"><input size=\"40\" maxlength=\"400\" class=\"wpcf7-form-control wpcf7-tel wpcf7-validates-as-required wpcf7-text wpcf7-validates-as-tel\" aria-required=\"true\" aria-invalid=\"false\" value=\"+3312345\" type=\"tel\" name=\"telefon\" \/><\/span> <\/label>\n<\/p>\n<p><label> E-Mail*<br \/>\n<span class=\"wpcf7-form-control-wrap\" data-name=\"email-1\"><input size=\"40\" maxlength=\"400\" class=\"wpcf7-form-control wpcf7-email wpcf7-validates-as-required wpcf7-text wpcf7-validates-as-email\" aria-required=\"true\" aria-invalid=\"false\" value=\"\" type=\"email\" name=\"email-1\" \/><\/span> <\/label>\n<\/p>\n<p><label> Dojo<br \/>\n<span class=\"wpcf7-form-control-wrap\" data-name=\"dojo\"><input size=\"40\" maxlength=\"400\" class=\"wpcf7-form-control wpcf7-text\" aria-invalid=\"false\" value=\"\" type=\"text\" name=\"dojo\" \/><\/span> <\/label>\n<\/p>\n<p><label> Ordination<br \/>\n<span class=\"wpcf7-form-control-wrap\" data-name=\"ordination\"><select class=\"wpcf7-form-control wpcf7-select wpcf7-validates-as-required\" aria-required=\"true\" aria-invalid=\"false\" name=\"ordination\"><option value=\"keine\/aucun\">keine\/aucun<\/option><option value=\"Boddhisattva\">Boddhisattva<\/option><option value=\"Nonne M\u00f6nch\/ Moine\">Nonne M\u00f6nch\/ Moine<\/option><\/select><\/span><\/label>\n<\/p>\n<hr \/>\n<p>*Wer sich f\u00fcr zwei Sessionen anmeldet, kann einen Rabatt von 100 \u20ac geltend machen. Dies setzt allerdings voraus, dass ihr eventuell entweder vorher beim Aufbau oder beim Abbau helft und\/oder in der freien Zeit zwischen den Sessionen Aufgaben \u00fcbernehmt.<br \/>\n*Les personnes qui s'inscrivent pour deux sessions peuvent b\u00e9n\u00e9ficier d'une r\u00e9duction de 100 \u20ac. Cela suppose toutefois que vous aidiez \u00e9ventuellement au montage ou au d\u00e9montage avant et\/ou que vous assumiez des t\u00e2ches pendant le temps libre entre les sessions.\n<\/p>\n<p>**Falls ihr euch bevorzugt f\u00fcr ein Doppelzimmer anmelden m\u00f6chtet, w\u00e4re es gut, wenn ihr dies bei der Anmeldung mitteilt und euch mit dem F\u00f6rderpreis anmeldet. Wir werden unser Bestes tun, dies zu erm\u00f6glichen. Schreibt dies in weitere Angaben (siehe unten).<br \/>\n**Si vous souhaitez vous inscrire de pr\u00e9f\u00e9rence pour une chambre double, il serait bon de le signaler lors de l'inscription et de vous inscrire avec le prix d\u2019encouragement. Nous ferons de notre mieux pour que cela soit possible. Note cela dans Informations (voir ci-dessous).\n<\/p>\n<p><label> Session 1 9.7.-13.7. Jonas Endres<br \/>\n<span class=\"wpcf7-form-control-wrap\" data-name=\"session1\"><select class=\"wpcf7-form-control wpcf7-select wpcf7-validates-as-required\" aria-required=\"true\" aria-invalid=\"false\" name=\"session1\"><option value=\"Nein \/ non\">Nein \/ non<\/option><option value=\"Normalpreis \/ Prix de base: 260 \u20ac\">Normalpreis \/ Prix de base: 260 \u20ac<\/option><option value=\"F\u00f6rderpreis \/ Prix de soutien: 335 \u20ac\">F\u00f6rderpreis \/ Prix de soutien: 335 \u20ac<\/option><\/select><\/span> <\/label>\n<\/p>\n<p><label>Intersession 14.7.<\/label><br \/>\n<span class=\"wpcf7-form-control-wrap\" data-name=\"intersession1\"><span class=\"wpcf7-form-control wpcf7-radio\"><span class=\"wpcf7-list-item first\"><input type=\"radio\" name=\"intersession1\" value=\"Nein \/ non\" checked=\"checked\" \/><span class=\"wpcf7-list-item-label\">Nein \/ non<\/span><\/span><span class=\"wpcf7-list-item last\"><input type=\"radio\" name=\"intersession1\" value=\"Ja \/ oui\" \/><span class=\"wpcf7-list-item-label\">Ja \/ oui<\/span><\/span><\/span><\/span>\n<\/p>\n<p><label> Session 2 15.7.-23.7. Philippe Coupey<br \/>\n<span class=\"wpcf7-form-control-wrap\" data-name=\"session2\"><select class=\"wpcf7-form-control wpcf7-select wpcf7-validates-as-required\" aria-required=\"true\" aria-invalid=\"false\" name=\"session2\"><option value=\"Nein \/ non\">Nein \/ non<\/option><option value=\"Normalpreis \/ Prix de base: 465 \u20ac\">Normalpreis \/ Prix de base: 465 \u20ac<\/option><option value=\"F\u00f6rderpreis \/ Prix de soutien: 600 \u20ac\">F\u00f6rderpreis \/ Prix de soutien: 600 \u20ac<\/option><\/select><\/span> <\/label>\n<\/p>\n<p><label>Intersession 24.7.<\/label><br \/>\n<span class=\"wpcf7-form-control-wrap\" data-name=\"intersession2\"><span class=\"wpcf7-form-control wpcf7-radio\"><span class=\"wpcf7-list-item first\"><input type=\"radio\" name=\"intersession2\" value=\"Nein \/ non\" checked=\"checked\" \/><span class=\"wpcf7-list-item-label\">Nein \/ non<\/span><\/span><span class=\"wpcf7-list-item last\"><input type=\"radio\" name=\"intersession2\" value=\"Ja \/ oui\" \/><span class=\"wpcf7-list-item-label\">Ja \/ oui<\/span><\/span><\/span><\/span>\n<\/p>\n<p><label> Session 3 25.7.-29.7. Philippe Coupey<br \/>\n<span class=\"wpcf7-form-control-wrap\" data-name=\"session3\"><select class=\"wpcf7-form-control wpcf7-select wpcf7-validates-as-required\" aria-required=\"true\" aria-invalid=\"false\" name=\"session3\"><option value=\"Nein \/ non\">Nein \/ non<\/option><option value=\"Normalpreis \/ Prix de base: 260 \u20ac\">Normalpreis \/ Prix de base: 260 \u20ac<\/option><option value=\"F\u00f6rderpreis \/ Prix de soutien: 335 \u20ac\">F\u00f6rderpreis \/ Prix de soutien: 335 \u20ac<\/option><\/select><\/span> <\/label>\n<\/p>\n<p><label> Ich m\u00f6chte Bettzeug vor Ort ausleihen \/ Je souhaite louer de la literie sur place<\/label><br \/>\n<span class=\"wpcf7-form-control-wrap\" data-name=\"bettwaesche\"><span class=\"wpcf7-form-control wpcf7-radio\"><span class=\"wpcf7-list-item first\"><input type=\"radio\" name=\"bettwaesche\" value=\"Nein \/ non\" checked=\"checked\" \/><span class=\"wpcf7-list-item-label\">Nein \/ non<\/span><\/span><span class=\"wpcf7-list-item last\"><input type=\"radio\" name=\"bettwaesche\" value=\"Ja \/ oui\" \/><span class=\"wpcf7-list-item-label\">Ja \/ oui<\/span><\/span><\/span><\/span>\n<\/p>\n<hr \/>\n<p><label>Abholdienst von Engelskirchen erw\u00fcnscht? \/ Avez-vous besoin d\u2019une navette d'Engelskirchen?<br \/>\n<b>Ich werde meine An- und Abreisezeit VOR dem 30.06.2023 eintragen auf <a href=\"https:\/\/zen-road.org\/ango2023-transport\">ango2023-transport<\/a>.<\/b><br \/>\n<b>Je vais donne mes dates arrivee et depart AVANT 30.06.2023 a <a href=\"https:\/\/zen-road.org\/ango2023-transport\">ango2023-transport<\/a>.<\/b><\/label><br \/>\n<span class=\"wpcf7-form-control-wrap\" data-name=\"abholdienst\"><span class=\"wpcf7-form-control wpcf7-radio\"><span class=\"wpcf7-list-item first\"><input type=\"radio\" name=\"abholdienst\" value=\"Nein \/ non\" checked=\"checked\" \/><span class=\"wpcf7-list-item-label\">Nein \/ non<\/span><\/span><span class=\"wpcf7-list-item last\"><input type=\"radio\" name=\"abholdienst\" value=\"Ja \/ oui\" \/><span class=\"wpcf7-list-item-label\">Ja \/ oui<\/span><\/span><\/span><\/span>\n<\/p>\n<hr \/>\n<p><label> Ich kann jemanden mit meinem Auto vom Bahnhof abholen. \/ Je peux offrir des navettes avec mon v\u00e9hicule.<\/label><br \/>\n<span class=\"wpcf7-form-control-wrap\" data-name=\"fahrdienst\"><span class=\"wpcf7-form-control wpcf7-radio\"><span class=\"wpcf7-list-item first\"><input type=\"radio\" name=\"fahrdienst\" value=\"Nein \/ non\" checked=\"checked\" \/><span class=\"wpcf7-list-item-label\">Nein \/ non<\/span><\/span><span class=\"wpcf7-list-item last\"><input type=\"radio\" name=\"fahrdienst\" value=\"Ja \/ oui\" \/><span class=\"wpcf7-list-item-label\">Ja \/ oui<\/span><\/span><\/span><\/span>\n<\/p>\n<p><label><br \/>\nWeitere Angaben und\/oder Anfragen \/<br \/>\nInformations et\/ou demandes compl\u00e9mentaires<br \/>\n<span class=\"wpcf7-form-control-wrap\" data-name=\"kommentar\"><textarea cols=\"40\" rows=\"10\" maxlength=\"2000\" class=\"wpcf7-form-control wpcf7-textarea\" aria-invalid=\"false\" name=\"kommentar\"><\/textarea><\/span> <\/label>\n<\/p>\n<p><input class=\"wpcf7-form-control wpcf7-submit has-spinner\" type=\"submit\" value=\"Senden\" \/>\n<\/p><div class=\"wpcf7-response-output\" aria-hidden=\"true\"><\/div>\n<\/form>\n<\/div>\n<\/div>\n","protected":false},"excerpt":{"rendered":"","protected":false},"author":5,"featured_media":0,"parent":0,"menu_order":0,"comment_status":"closed","ping_status":"closed","template":"","meta":{"_genesis_hide_title":false,"_genesis_hide_breadcrumbs":false,"_genesis_hide_singular_image":false,"_genesis_hide_footer_widgets":false,"_genesis_custom_body_class":"","_genesis_custom_post_class":"","_genesis_layout":"","footnotes":""},"class_list":{"0":"post-3868","1":"page","2":"type-page","3":"status-publish","5":"entry"},"translation":{"provider":"WPGlobus","version":"3.0.2","language":"de","enabled_languages":["fr","de","en"],"languages":{"fr":{"title":true,"content":true,"excerpt":false},"de":{"title":true,"content":false,"excerpt":false},"en":{"title":false,"content":false,"excerpt":false}}},"_links":{"self":[{"href":"https:\/\/zen-road.org\/de\/wp-json\/wp\/v2\/pages\/3868","targetHints":{"allow":["GET"]}}],"collection":[{"href":"https:\/\/zen-road.org\/de\/wp-json\/wp\/v2\/pages"}],"about":[{"href":"https:\/\/zen-road.org\/de\/wp-json\/wp\/v2\/types\/page"}],"author":[{"embeddable":true,"href":"https:\/\/zen-road.org\/de\/wp-json\/wp\/v2\/users\/5"}],"replies":[{"embeddable":true,"href":"https:\/\/zen-road.org\/de\/wp-json\/wp\/v2\/comments?post=3868"}],"version-history":[{"count":3,"href":"https:\/\/zen-road.org\/de\/wp-json\/wp\/v2\/pages\/3868\/revisions"}],"predecessor-version":[{"id":5286,"href":"https:\/\/zen-road.org\/de\/wp-json\/wp\/v2\/pages\/3868\/revisions\/5286"}],"wp:attachment":[{"href":"https:\/\/zen-road.org\/de\/wp-json\/wp\/v2\/media?parent=3868"}],"curies":[{"name":"wp","href":"https:\/\/api.w.org\/{rel}","templated":true}]}}