{"id":39,"date":"2009-03-28T16:31:48","date_gmt":"2009-03-28T15:31:48","guid":{"rendered":"http:\/\/stage.zen-road.org\/mentions-legales\/"},"modified":"2017-04-24T11:13:51","modified_gmt":"2017-04-24T09:13:51","slug":"mentions-legales","status":"publish","type":"page","link":"https:\/\/zen-road.org\/de\/mentions-legales\/","title":{"rendered":"mentions l\u00e9gales"},"content":{"rendered":"<h2>Mentions l\u00e9gales<\/h2>\n<p>Zen Road a \u00e9t\u00e9 cr\u00e9\u00e9 en 2002 par Yen Bach. En 2004, Paul Buller a cr\u00e9\u00e9 un nouveau concept et une nouvelle pr\u00e9sentation et Elaine Konopka en a repris l&#8217;\u00e9dition.<br \/>\nEn 2009, le concept a \u00e9t\u00e9 l\u00e9g\u00e8rement modifi\u00e9 par\u00a0Jonas Endres, depuis Zen Road est produit par une \u00e9quipe plurilingue allemande, anglaise et fran\u00e7aise.<br \/>\nZen Road est un projet \u00e0 but non lucratif.<\/p>\n<p class=\"MsoNormal\"><span style=\"font-size: 10pt;\">\u00a0<\/span><\/p>\n<h3>Administration<\/h3>\n<ul>\n<li>Thomas B\u00fcrger, Normandie<\/li>\n<li>Astrid Knoll, T\u00fcbingen, Allemagne du Sud<\/li>\n<\/ul>\n<h3>Editorial<\/h3>\n<ul>\n<li>Juliette Heymann, Paris<\/li>\n<li>Francois Lang, Nantes,<\/li>\n<li>Maria Marten, Hannover, Germany<\/li>\n<li>Paul Pichaureau, Rouen<\/li>\n<\/ul>\n<h3>Enseignement zen<\/h3>\n<ul>\n<li>St\u00e9phane Chevillard, Bordeaux<\/li>\n<\/ul>\n<h3>Galerie<\/h3>\n<ul>\n<li>Jean-Claude Marsouin, L&#8217;Indre<\/li>\n<\/ul>\n<h3>Calendrier<\/h3>\n<ul>\n<li>Jean-Paul\u00a0 Lafitte, Lille<\/li>\n<\/ul>\n<h3>Traduction<\/h3>\n<p>fran\u00e7ais &#8211; anglais:<\/p>\n<ul>\n<li>Rosemary Cottis, Oxford, UK<\/li>\n<li>James Furtado, Paris<\/li>\n<li>Maddie Parisio, Norwich, UK<\/li>\n<\/ul>\n<p>anglais &#8211; fran\u00e7ais:<\/p>\n<ul>\n<li>Guy Faure, Nantes<\/li>\n<li>Laurence Vilaine, Nantes<\/li>\n<\/ul>\n<p>anglais &#8211; allemand:<\/p>\n<ul>\n<li>Demeter Braun, Berlin<\/li>\n<li>Gernot Kn\u00f6dler, Hamburg<\/li>\n<li>Karin Wolf, Berlin<\/li>\n<\/ul>\n<p>allemand &#8211; fran\u00e7ais:<\/p>\n<ul>\n<li>Marie-Jeanne Monmilou, Lille<\/li>\n<li>Mireille Pesenty, Lille<\/li>\n<\/ul>\n<h3>Concept et coordination<\/h3>\n<ul>\n<li>Jonas Endres, Paris<\/li>\n<\/ul>\n","protected":false},"excerpt":{"rendered":"<p>Mentions l\u00e9gales Zen Road a \u00e9t\u00e9 cr\u00e9\u00e9 en 2002 par Yen Bach. En 2004, Paul Buller a cr\u00e9\u00e9 un nouveau concept et une nouvelle pr\u00e9sentation et Elaine Konopka en a repris l&#8217;\u00e9dition. En 2009, le concept a \u00e9t\u00e9 l\u00e9g\u00e8rement modifi\u00e9 par\u00a0Jonas Endres, depuis Zen Road est produit par une \u00e9quipe plurilingue allemande, anglaise et fran\u00e7aise. [&hellip;]<\/p>\n","protected":false},"author":1,"featured_media":0,"parent":0,"menu_order":8,"comment_status":"closed","ping_status":"closed","template":"page_blog.php","meta":{"_genesis_hide_title":false,"_genesis_hide_breadcrumbs":false,"_genesis_hide_singular_image":false,"_genesis_hide_footer_widgets":false,"_genesis_custom_body_class":"","_genesis_custom_post_class":"","_genesis_layout":"","footnotes":""},"class_list":{"0":"post-39","1":"page","2":"type-page","3":"status-publish","5":"entry"},"translation":{"provider":"WPGlobus","version":"3.0.2","language":"de","enabled_languages":["fr","de","en"],"languages":{"fr":{"title":true,"content":true,"excerpt":false},"de":{"title":false,"content":false,"excerpt":false},"en":{"title":false,"content":false,"excerpt":false}}},"_links":{"self":[{"href":"https:\/\/zen-road.org\/de\/wp-json\/wp\/v2\/pages\/39","targetHints":{"allow":["GET"]}}],"collection":[{"href":"https:\/\/zen-road.org\/de\/wp-json\/wp\/v2\/pages"}],"about":[{"href":"https:\/\/zen-road.org\/de\/wp-json\/wp\/v2\/types\/page"}],"author":[{"embeddable":true,"href":"https:\/\/zen-road.org\/de\/wp-json\/wp\/v2\/users\/1"}],"replies":[{"embeddable":true,"href":"https:\/\/zen-road.org\/de\/wp-json\/wp\/v2\/comments?post=39"}],"version-history":[{"count":0,"href":"https:\/\/zen-road.org\/de\/wp-json\/wp\/v2\/pages\/39\/revisions"}],"wp:attachment":[{"href":"https:\/\/zen-road.org\/de\/wp-json\/wp\/v2\/media?parent=39"}],"curies":[{"name":"wp","href":"https:\/\/api.w.org\/{rel}","templated":true}]}}