{"id":4006,"date":"2021-08-09T15:37:12","date_gmt":"2021-08-09T13:37:12","guid":{"rendered":"https:\/\/zen-road.org\/?page_id=4006"},"modified":"2021-08-09T15:37:37","modified_gmt":"2021-08-09T13:37:37","slug":"kalender-2","status":"publish","type":"page","link":"https:\/\/zen-road.org\/de\/kalender-2\/","title":{"rendered":"Kalender"},"content":{"rendered":"<h3 style=\"text-align: center;\"><b>Sesshin und Zazentage<\/b><\/h3>\n<h5 style=\"text-align: center;\">Philippe Reiryu Coupey, Sangha Ohne Bleibe und andere &#8230;<\/h5>\n<p style=\"text-align: center;\"><em>Der Sesshin-Ankunftstag wird hier nicht angegeben. Ankunft findet immer am Abend vor dem ersten Sesshintag statt.<\/em><\/p>\n<h3><b><img loading=\"lazy\" decoding=\"async\" class=\"aligncenter size-full wp-image-2350\" src=\"https:\/\/zen-road.org\/wp-content\/uploads\/2019\/04\/Dojo-Sesshin-La-Saulsaie.jpg\" alt=\"\" width=\"845\" height=\"634\" srcset=\"https:\/\/zen-road.org\/wp-content\/uploads\/2019\/04\/Dojo-Sesshin-La-Saulsaie.jpg 845w, https:\/\/zen-road.org\/wp-content\/uploads\/2019\/04\/Dojo-Sesshin-La-Saulsaie-300x225.jpg 300w, https:\/\/zen-road.org\/wp-content\/uploads\/2019\/04\/Dojo-Sesshin-La-Saulsaie-768x576.jpg 768w\" sizes=\"auto, (max-width: 845px) 100vw, 845px\" \/><\/b><\/h3>\n<div>\n<p><span style=\"color: #ff0000;\">\u00a0<\/span><\/p>\n<\/div>\n<div dir=\"ltr\" data-setdir=\"false\"><em><strong>Daten unter Vorbehalt<\/strong><\/em><\/div>\n<div dir=\"ltr\" data-setdir=\"false\">\u00a0<\/div>\n<div dir=\"ltr\" data-setdir=\"false\">\u00a0<\/div>\n<div dir=\"ltr\" data-setdir=\"false\">\n<p>11. &#8211; 12. September &#8211; Sesshin in Rouen geleitet von \u00a0Christian Espiau &#8211;\u00a0<a href=\"https:\/\/www.zenrouen.org\/\">Dojo Rouen<\/a><\/p>\n<p>10. &#8211; 17. Oktober, Oktober Sesshin 2021 in Soulac, geleitet von Patrick Ricaud \/\/ <a href=\"https:\/\/docs.google.com\/forms\/d\/e\/1FAIpQLSe9AIF6YZxD3i4Y7sSQLvSvAYfiCPBtHUpqGoA5L2-4Dc1c8A\/viewform?vc=0&amp;c=0&amp;w=1&amp;flr=0&amp;usp=mail_form_link\">Formulaire d\u2019inscription<\/a> \/\/ <a href=\"https:\/\/drive.google.com\/file\/d\/1EAaoK8jYBYdO-YRDw5rwlmQ5MoWJ1t9C\/view?usp=sharing\">Flyer<\/a><\/p>\n<\/div>\n<div dir=\"ltr\" data-setdir=\"false\">Anfang November Sesshin der Sangha Ohne Bleibe in Le Mans<\/div>\n<div dir=\"ltr\" data-setdir=\"false\">Ende November Semaine Samu \u201eOhne Bleibe\u201c und Sesshin in La Gendronni\u00e8re unter der Leitung von Philippe Coupey,<\/div>\n<div dir=\"ltr\" data-setdir=\"false\">\u00a0<\/div>\n<div dir=\"ltr\" data-setdir=\"false\">4. &#8211; 5. Dezember &#8211; Sesshin in Rouen geleitet von \u00a0Christian Espiau &#8211;\u00a0<a href=\"https:\/\/www.zenrouen.org\/\">Dojo Rouen<\/a><\/div>\n<div dir=\"ltr\" data-setdir=\"false\">\u00a0<\/div>\n<div dir=\"ltr\" data-setdir=\"false\">28. Dezember &#8211; 1. Januar Wintersession in La Gendronni\u00e8re geleitet von Philippe Coupey<\/div>\n<div dir=\"ltr\" data-setdir=\"false\">\n<div dir=\"ltr\" data-setdir=\"false\">\n<div>\u00a0<\/div>\n<\/div>\n<\/div>\n\n\n<p><\/p>\n\n\n\n<p>Das Vermeiden von Termin\u00fcberschneidungen wird immer schwieriger und manchmal sogar unm\u00f6glich. Diese Frage verdient es, dass wir dar\u00fcber nachdenken, denn ohne Sesshin keine Sangha ohne Bleibe. Insbesondere der Sesshins mit einer gro\u00dfen Beteiligung von Praktizierenden, die von \u00fcberall her kommen. Daf\u00fcr sorgen Philippe und die Organisatoren unseres Sesshins mit der Wahl der Termine.<\/p>\n\n\n\n<p>Mit \u2022 gekennzeichnet sind diejenigen Sesshins, die als Referenz f\u00fcr die weitere Planung dienen (von Philippe geleitet oder Sesshins, bei denen Praktizierende aus mehreren Dojos oder Regionen zusammen kommen). &nbsp;<\/p>\n\n\n\n<p><\/p>\n","protected":false},"excerpt":{"rendered":"<p>Sesshin und Zazentage Philippe Reiryu Coupey, Sangha Ohne Bleibe und andere &#8230; Der Sesshin-Ankunftstag wird hier nicht angegeben. Ankunft findet immer am Abend vor dem ersten Sesshintag statt. \u00a0 Daten unter Vorbehalt \u00a0 \u00a0 11. &#8211; 12. September &#8211; Sesshin in Rouen geleitet von \u00a0Christian Espiau &#8211;\u00a0Dojo Rouen 10. &#8211; 17. Oktober, Oktober Sesshin 2021 [&hellip;]<\/p>\n","protected":false},"author":13,"featured_media":0,"parent":0,"menu_order":0,"comment_status":"closed","ping_status":"closed","template":"","meta":{"_genesis_hide_title":false,"_genesis_hide_breadcrumbs":false,"_genesis_hide_singular_image":false,"_genesis_hide_footer_widgets":false,"_genesis_custom_body_class":"","_genesis_custom_post_class":"","_genesis_layout":"","footnotes":""},"class_list":{"0":"post-4006","1":"page","2":"type-page","3":"status-publish","5":"entry"},"translation":{"provider":"WPGlobus","version":"3.0.2","language":"de","enabled_languages":["fr","de","en"],"languages":{"fr":{"title":true,"content":true,"excerpt":false},"de":{"title":false,"content":true,"excerpt":false},"en":{"title":false,"content":false,"excerpt":false}}},"_links":{"self":[{"href":"https:\/\/zen-road.org\/de\/wp-json\/wp\/v2\/pages\/4006","targetHints":{"allow":["GET"]}}],"collection":[{"href":"https:\/\/zen-road.org\/de\/wp-json\/wp\/v2\/pages"}],"about":[{"href":"https:\/\/zen-road.org\/de\/wp-json\/wp\/v2\/types\/page"}],"author":[{"embeddable":true,"href":"https:\/\/zen-road.org\/de\/wp-json\/wp\/v2\/users\/13"}],"replies":[{"embeddable":true,"href":"https:\/\/zen-road.org\/de\/wp-json\/wp\/v2\/comments?post=4006"}],"version-history":[{"count":0,"href":"https:\/\/zen-road.org\/de\/wp-json\/wp\/v2\/pages\/4006\/revisions"}],"wp:attachment":[{"href":"https:\/\/zen-road.org\/de\/wp-json\/wp\/v2\/media?parent=4006"}],"curies":[{"name":"wp","href":"https:\/\/api.w.org\/{rel}","templated":true}]}}