{"id":4358,"date":"2022-02-25T15:05:14","date_gmt":"2022-02-25T14:05:14","guid":{"rendered":"https:\/\/zen-road.org\/?page_id=4358"},"modified":"2026-02-14T16:35:42","modified_gmt":"2026-02-14T15:35:42","slug":"sesshin-im-mai","status":"publish","type":"page","link":"https:\/\/zen-road.org\/de\/sesshin-im-mai\/","title":{"rendered":"Information de Sesshin Mai \u2013 Ommerborn 2026"},"content":{"rendered":"\n\n\n<p><strong>Ankunft:<\/strong> Donnerstag, den 7.5.2026 ab 17 Uhr<br><strong>Abreise:<\/strong> Sonntag, den 10.5.2026 gegen 15 Uhr nach dem gemeinsamen Reinigungs-Samu<\/p>\n\n\n\n<p><strong>Kosten<\/strong><br>Normalpreis: 145,00 EUR<br>F\u00f6rderpreis: 190,00 EUR<br>Falls ihr einen Nachlass braucht, z\u00f6gert nicht und sprecht uns einfach an.<\/p>\n\n\n\n<p><strong>Anmeldung<\/strong><br>via Email: inscription@zen-road.org<\/p>\n\n\n\n<p>via Formular : <a href=\"https:\/\/zen-road.org\/inscription-sesshin-mai-2025\/\" target=\"_blank\" rel=\"noreferrer noopener\">https:\/\/zen-road.org\/inscription-sesshin-mai-2026\/<\/a><\/p>\n\n\n\n<p><\/p>\n\n\n\n<p><strong>Mitzubringen<\/strong><br>Zafu, Zafuton oder Decke als Unterlage.<br>Bequeme dunkle Kleidung f\u00fcr Zazen, sowie Bekleidung, die f\u00fcr Samu (gemeinsame Arbeiten f\u00fcr die Gemeinschaft) geeignet ist; Haus- und Wanderschuhe.<br>Schale, Serviette, L\u00f6ffel und Gabel<br>Laken oder Schlafsack, Bettw\u00e4sche kann vor Ort ausgeliehen werden (Laken, Bettbezug, Kopfkissenbezug) f\u00fcr 8\u00a0EUR.<br>Mobiltelefone sollten w\u00e4hrend des Sesshins nicht benutzt werden, bitte organisieren Sie sich entsprechend im Voraus.<\/p>\n\n\n\n<p><strong>Anreise<\/strong><br>Flug: Flughafen K\u00f6ln oder D\u00fcsseldorf. Von D\u00fcsseldorf mit Regionalzug zum K\u00f6ln Hauptbahnhof.<br>Bahn: Bahnhof Engelskirchen. Ab Engelskirchen gibt es bei Voranmeldung Sammeltaxis bis zum Sesshin-Ort, Kloster Ommerborn.<br>Auto: Von A4 aus K\u00f6ln Richtung Olpe, Ausfahrt Untereschbach Nr. 21 Richtung Wipperf\u00fchrt. In Mittelsteg links in Richtung Wipperf\u00fcrth abbiegen und der Stra\u00dfe ca. 7 km bis Sch\u00e4tzm\u00fchle folgen. Dort links nach Ommerborn abbiegen. Der Stra\u00dfe ca. 3 km folgen und ca. 500 m hinter Obersteinbach links abbiegen. Dort sehen Sie unser Haus sowie ein Wahrzeichen der Region \u2013 3 Kreuze \u2013 bereits.<\/p>\n\n\n\n<p><strong>Veranstaltungsort<\/strong><br>Kloster Ommerborn I Ommerborn 4 I 51688 Wipperf\u00fcrth<\/p>\n\n\n<p>","protected":false},"excerpt":{"rendered":"<p>Ankunft: Donnerstag, den 7.5.2026 ab 17 UhrAbreise: Sonntag, den 10.5.2026 gegen 15 Uhr nach dem gemeinsamen Reinigungs-Samu KostenNormalpreis: 145,00 EURF\u00f6rderpreis: 190,00 EURFalls ihr einen Nachlass braucht, z\u00f6gert nicht und sprecht uns einfach an. Anmeldungvia Email: inscription@zen-road.org via Formular : https:\/\/zen-road.org\/inscription-sesshin-mai-2026\/ MitzubringenZafu, Zafuton oder Decke als Unterlage.Bequeme dunkle Kleidung f\u00fcr Zazen, sowie Bekleidung, die f\u00fcr Samu [&hellip;]<\/p>\n","protected":false},"author":13,"featured_media":0,"parent":0,"menu_order":0,"comment_status":"closed","ping_status":"closed","template":"","meta":{"_genesis_hide_title":false,"_genesis_hide_breadcrumbs":false,"_genesis_hide_singular_image":false,"_genesis_hide_footer_widgets":false,"_genesis_custom_body_class":"","_genesis_custom_post_class":"","_genesis_layout":"","footnotes":""},"class_list":{"0":"post-4358","1":"page","2":"type-page","3":"status-publish","5":"entry"},"translation":{"provider":"WPGlobus","version":"3.0.2","language":"de","enabled_languages":["fr","de","en"],"languages":{"fr":{"title":true,"content":true,"excerpt":false},"de":{"title":true,"content":true,"excerpt":false},"en":{"title":false,"content":false,"excerpt":false}}},"_links":{"self":[{"href":"https:\/\/zen-road.org\/de\/wp-json\/wp\/v2\/pages\/4358","targetHints":{"allow":["GET"]}}],"collection":[{"href":"https:\/\/zen-road.org\/de\/wp-json\/wp\/v2\/pages"}],"about":[{"href":"https:\/\/zen-road.org\/de\/wp-json\/wp\/v2\/types\/page"}],"author":[{"embeddable":true,"href":"https:\/\/zen-road.org\/de\/wp-json\/wp\/v2\/users\/13"}],"replies":[{"embeddable":true,"href":"https:\/\/zen-road.org\/de\/wp-json\/wp\/v2\/comments?post=4358"}],"version-history":[{"count":50,"href":"https:\/\/zen-road.org\/de\/wp-json\/wp\/v2\/pages\/4358\/revisions"}],"predecessor-version":[{"id":6225,"href":"https:\/\/zen-road.org\/de\/wp-json\/wp\/v2\/pages\/4358\/revisions\/6225"}],"wp:attachment":[{"href":"https:\/\/zen-road.org\/de\/wp-json\/wp\/v2\/media?parent=4358"}],"curies":[{"name":"wp","href":"https:\/\/api.w.org\/{rel}","templated":true}]}}