{"id":1282,"date":"2017-04-24T10:40:50","date_gmt":"2017-04-24T08:40:50","guid":{"rendered":"http:\/\/stage.zen-road.org\/?page_id=1282"},"modified":"2026-04-12T19:27:51","modified_gmt":"2026-04-12T17:27:51","slug":"calendrier-2","status":"publish","type":"page","link":"https:\/\/zen-road.org\/en\/calendrier-2\/","title":{"rendered":"Calendrier"},"content":{"rendered":"<p class=\"p1\" style=\"text-align: center;\"><span class=\"s1\"><b>Sesshin et journ\u00e9es de zazen<\/b><\/span><\/p>\r\n<p class=\"p2\" style=\"text-align: center;\"><span class=\"s1\"><b>Philippe Reiryu Coupey, Sangha sans demeure et autres&#8230;<\/b><\/span><\/p>\r\n<p class=\"p3\" style=\"text-align: center;\"><span class=\"s1\"><i>Le jour d&#8217;arriv\u00e9e n&#8217;est pas indiqu\u00e9 sur ce calendrier. L&#8217;arriv\u00e9e a toujours lieu le soir avant le premier jour de sesshin.<\/i><\/span><\/p>\r\n<h3><b><img loading=\"lazy\" decoding=\"async\" class=\"aligncenter size-full wp-image-2350\" src=\"https:\/\/zen-road.org\/wp-content\/uploads\/2019\/04\/Dojo-Sesshin-La-Saulsaie.jpg\" alt=\"\" width=\"845\" height=\"634\" srcset=\"https:\/\/zen-road.org\/wp-content\/uploads\/2019\/04\/Dojo-Sesshin-La-Saulsaie.jpg 845w, https:\/\/zen-road.org\/wp-content\/uploads\/2019\/04\/Dojo-Sesshin-La-Saulsaie-300x225.jpg 300w, https:\/\/zen-road.org\/wp-content\/uploads\/2019\/04\/Dojo-Sesshin-La-Saulsaie-768x576.jpg 768w\" sizes=\"auto, (max-width: 845px) 100vw, 845px\" \/><\/b><\/h3>\r\n<div>\r\n<p><span style=\"color: #ff0000;\">\u00a0<\/span><\/p>\r\n<\/div>\r\n<div dir=\"ltr\" data-setdir=\"false\">\r\n<p class=\"p1\"><span class=\"s1\"><b><i>Dates sous r\u00e9serve<\/i><\/b><\/span><\/p>\r\n<\/div>\r\n<div>\u00a0<\/div>\r\n<div>\u00a0<\/div>\r\n<div>\u00a0<\/div>\r\n<div>15 mars \u2013 Journ\u00e9e de zazen au dojo zen de Paris avec St\u00e9phane Chevillard<\/div>\r\n<div>\u00a0<\/div>\r\n<div>15 mars \u2013 Journ\u00e9e de zazen au dojo de Bordeaux dirig\u00e9e par Paul Pichaureau<\/div>\r\n<div>\u00a0<\/div>\r\n<div>29 mars \u2013 Journ\u00e9e de zazen au dojo de Lyon avec Georges Richard \/\/ <a href=\"https:\/\/www.dojo-bouddhiste-zen-lyon.fr\/\">infos &amp; inscription<\/a><\/div>\r\n<div>\u00a0<\/div>\r\n<div>30 mars \u2013 5 avril \u2013 Semaine de Gyoji \u00e0 la Gendronni\u00e8re avec Philippe Saux-Picard et Blanche Heugel<\/div>\r\n<div>\u00a0<\/div>\r\n<div>4 \u2013 6 avril 2026 \u2013 Sesshin de P\u00e2ques \u00e0 Cologne (Gers) avec Bruno Peslerbe \/\/ <a href=\"https:\/\/zen-road.org\/wp-content\/uploads\/2025\/10\/a4-sesshin-paques-2026.pdf\">flyer<\/a><\/div>\r\n<div>\u00a0<\/div>\r\n<div>25 \u2013 26 avril \u2013 Sesshin \u00e0 Bourgueil avec Jonas Endres \/\/ <a href=\"https:\/\/zen-road.org\/wp-content\/uploads\/2025\/09\/Flyer-Bourgueil-avril2026.pdf\">flyer<\/a><\/div>\r\n<div>\u00a0<\/div>\r\n<div>\u2022 7 \u2013 10 mai \u2013 Sesshin de printemps de la Sangha Sans Demeure \u00e0 Ommerborn (Cologne) avec Maddie Parisio \/\/ <a href=\"https:\/\/zen-road.org\/sesshin-im-mai\/\">info<\/a> \/\/ <a href=\"https:\/\/zen-road.org\/wp-content\/uploads\/2026\/03\/2026-MAI_SESSHIN_V0.2.pdf\">flyer<\/a><\/div>\r\n<div>\u00a0<\/div>\r\n<div>14 \u2013 17 mai \u2013 Sesshin de Crozon davec Bruno Peslerbe \/\/ <a href=\"https:\/\/zen-road.org\/wp-content\/uploads\/2026\/02\/Flyer-Crozon-2026.pdf\">flyer<\/a><\/div>\r\n<div>\u00a0<\/div>\r\n<div>18 \u2013 24 mai \u00a0\u2013 Semaine Gyoji \u00e0 la Gendronni\u00e8re avec Patrick Ferrieux et J\u00fcrgen Mattik<\/div>\r\n<div>\r\n<p>\u2022 23 \u2013 25 mai \u2013 Sesshin de Pentec\u00f4te de la Sangha Sans Demeure \u00e0 Bourgeuil avec Fran\u00e7ois Lang \/\/ <a href=\"https:\/\/zen-road.org\/wp-content\/uploads\/2025\/12\/Flyer_Nantes_Sesshin_2026.pdf\">Flyer<\/a><\/p>\r\n<\/div>\r\n<div>25 \u2013 31 mai \u2013 Semaine Gyoji \u00e0 la Gendronni\u00e8re avec Diane Liorel et St\u00e9phane Hirschberger<\/div>\r\n<div>\u00a0<\/div>\r\n<div>7 juin \u2013 <span style=\"font-size: revert; color: initial; font-family: -apple-system, BlinkMacSystemFont, 'Segoe UI', Roboto, Oxygen-Sans, Ubuntu, Cantarell, 'Helvetica Neue', sans-serif;\">Journ\u00e9e de zazen au dojo de Lorient avec Blanche Heugel \/\/ <a href=\"https:\/\/zen-road.org\/wp-content\/uploads\/2026\/03\/flyer-journee-zazen-7-juin-2026.pdf\">flyer<\/a><\/span><\/div>\r\n<div>\u00a0<\/div>\r\n<div>8 \u2013 14 juin \u2013 Semaine Gyoji \u00e0 la Gendronni\u00e8re avec Denis Crozet et Guy Faure<\/div>\r\n<div>\u00a0<\/div>\r\n<div><span style=\"font-size: revert; color: initial; font-family: -apple-system, BlinkMacSystemFont, 'Segoe UI', Roboto, Oxygen-Sans, Ubuntu, Cantarell, 'Helvetica Neue', sans-serif;\">14 juin \u2013 Journ\u00e9e de zazen au dojo zen de Paris avec Patrick Ferrieux<\/span><\/div>\r\n<div>\r\n<p class=\"p1\">27 juin \u2013 Journ\u00e9e de Zazen au groupe Zen de M\u00fcllheim avec Konstantin Schikarski \/\/ <a href=\"https:\/\/zen-road.org\/wp-content\/uploads\/2026\/01\/2026_06_27_ZZTag_Konstantin_Schikarski_Plakat.pdf\">Flyer<\/a><\/p>\r\n<p>29 juin \u2013 3 julliet \u2013 1\u00e8re Session \u00e0 la Gendronni\u00e8re avec Brigitte Stark et St\u00e9phane Hirschberger \/\/\u00a0 <a href=\"https:\/\/www.zen-azi.org\/fr\/session-ete-2026\">info<\/a><\/p>\r\n<\/div>\r\n<div>\u00a0<\/div>\r\n<div>\u2022 <strong>Ango 2026:<\/strong>\r\n<p>28 juillet \u2013 15 ao\u00fbt : Camp d\u2019\u00e9t\u00e9 \u00e0 La Saulsaie (Lyon) \/\/ <a href=\"https:\/\/www.dojo-bouddhiste-zen-lyon.fr\/uploads\/2026_Ango_SSD_flyer.pdf\">flyer<\/a> \/\/ <a href=\"https:\/\/alcd.re\/ango2026\">inscription<\/a>\u00a0<\/p>\r\n<p>28 juillet \u2013 5 ao\u00fbt \u2013 1\u00e8re session avec Blanche Heugel<br \/>7 \u2013 15 ao\u00fbt \u2013 2\u00e8me session avec Bruno Peslerbe<\/p>\r\n<\/div>\r\n<div>\r\n<p>12 septembre \u2013 Journ\u00e9e<span style=\"font-size: revert; color: initial; font-family: -apple-system, BlinkMacSystemFont, 'Segoe UI', Roboto, Oxygen-Sans, Ubuntu, Cantarell, 'Helvetica Neue', sans-serif;\"> de zazen au dojo Berlin avec Konstantin Schikarski<\/span><\/p>\r\n<p><span style=\"font-size: revert; color: initial; font-family: -apple-system, BlinkMacSystemFont, 'Segoe UI', Roboto, Oxygen-Sans, Ubuntu, Cantarell, 'Helvetica Neue', sans-serif;\">12 \u2013 19 septembre \u2013 Camp en for\u00eat dans le Spessart organis\u00e9 par le Zen Dojo Halle<\/span><\/p>\r\n<p>20 septembre \u2013 Journ\u00e9e<span style=\"font-size: revert; color: initial; font-family: -apple-system, BlinkMacSystemFont, 'Segoe UI', Roboto, Oxygen-Sans, Ubuntu, Cantarell, 'Helvetica Neue', sans-serif;\"> de zazen au dojo\u00a0<\/span>Mushin Zen Zurich avec Brigitte Stark<\/p>\r\n<p>23 au 29 novembre \u2013 Semaine gyoji \u00e0 la Gendronni\u00e8re avec Brigitte Stark et St\u00e9phane Chevillard<\/p>\r\n<\/div>\r\n<div>\u00a0<\/div>\r\n<div>&#8212;<\/div>\r\n<p><\/p>\r\n<p>\u00c9viter les doublons \u2014 deux sesshin en m\u00eame temps \u2014 devient de plus en plus difficile et parfois m\u00eame impossible. Cette question des superpositions de dates m\u00e9rite un peu d\u2019attention car c\u2019est gr\u00e2ce aux sesshins que nous gardons vivante la Sangha Sans Demeure \u2014 ou plus pr\u00e9cis\u00e9ment gr\u00e2ce aux sesshin avec une grande participation des pratiquants venant de partout. Pour cela, Philippe et les organisateurs de sesshin prennent bien en consid\u00e9ration le choix de dates.<\/p>\r\n<p><\/p>\r\n<p><\/p>\r\n<p>Avec \u2022 les sesshin dirig\u00e9es par Philippe ou des sesshin de notre sangha qui r\u00e9unissent des pratiquants de plusieurs dojos ou r\u00e9gions. Ce sont ces sesshin qui sont la r\u00e9f\u00e9rence pour les dates.<\/p>\r\n<p><\/p>\r\n<p><\/p>\r\n<p><\/p>\r\n<p><\/p>\r\n<p><\/p>","protected":false},"excerpt":{"rendered":"<p>Sesshin et journ\u00e9es de zazen Philippe Reiryu Coupey, Sangha sans demeure et autres&#8230; Le jour d&#8217;arriv\u00e9e n&#8217;est pas indiqu\u00e9 sur ce calendrier. L&#8217;arriv\u00e9e a toujours lieu le soir avant le premier jour de sesshin. \u00a0 Dates sous r\u00e9serve \u00a0 \u00a0 \u00a0 15 mars \u2013 Journ\u00e9e de zazen au dojo zen de Paris avec St\u00e9phane Chevillard [&hellip;]<\/p>\n","protected":false},"author":1,"featured_media":0,"parent":0,"menu_order":0,"comment_status":"closed","ping_status":"closed","template":"","meta":{"_genesis_hide_title":false,"_genesis_hide_breadcrumbs":false,"_genesis_hide_singular_image":false,"_genesis_hide_footer_widgets":false,"_genesis_custom_body_class":"","_genesis_custom_post_class":"","_genesis_layout":"","footnotes":""},"class_list":{"0":"post-1282","1":"page","2":"type-page","3":"status-publish","5":"entry"},"translation":{"provider":"WPGlobus","version":"3.0.2","language":"en","enabled_languages":["fr","de","en"],"languages":{"fr":{"title":true,"content":true,"excerpt":false},"de":{"title":true,"content":true,"excerpt":false},"en":{"title":false,"content":false,"excerpt":false}}},"_links":{"self":[{"href":"https:\/\/zen-road.org\/en\/wp-json\/wp\/v2\/pages\/1282","targetHints":{"allow":["GET"]}}],"collection":[{"href":"https:\/\/zen-road.org\/en\/wp-json\/wp\/v2\/pages"}],"about":[{"href":"https:\/\/zen-road.org\/en\/wp-json\/wp\/v2\/types\/page"}],"author":[{"embeddable":true,"href":"https:\/\/zen-road.org\/en\/wp-json\/wp\/v2\/users\/1"}],"replies":[{"embeddable":true,"href":"https:\/\/zen-road.org\/en\/wp-json\/wp\/v2\/comments?post=1282"}],"version-history":[{"count":581,"href":"https:\/\/zen-road.org\/en\/wp-json\/wp\/v2\/pages\/1282\/revisions"}],"predecessor-version":[{"id":6290,"href":"https:\/\/zen-road.org\/en\/wp-json\/wp\/v2\/pages\/1282\/revisions\/6290"}],"wp:attachment":[{"href":"https:\/\/zen-road.org\/en\/wp-json\/wp\/v2\/media?parent=1282"}],"curies":[{"name":"wp","href":"https:\/\/api.w.org\/{rel}","templated":true}]}}