{"id":1288,"date":"2017-04-24T10:54:13","date_gmt":"2017-04-24T08:54:13","guid":{"rendered":"http:\/\/stage.zen-road.org\/?page_id=1288"},"modified":"2021-05-05T21:30:03","modified_gmt":"2021-05-05T19:30:03","slug":"bibliographie","status":"publish","type":"page","link":"https:\/\/zen-road.org\/en\/bibliographie\/","title":{"rendered":"Bibliography Philippe Reiryu Coupey"},"content":{"rendered":"<p>05\/05\/2021<\/p>\n<p><strong><em><u>In English<\/u><\/em><\/strong><\/p>\n<p><u>Commentary by Philippe Coupey on the Zen classics<\/u><\/p>\n<ul>\n<li><em>In the Belly of the Dragon<\/em> Vol. 1 et 2 &#8211; Hohm Press, 2020 (The <em>Shinjinmei<\/em> by Master Sosan)<\/li>\n<li><em>The Song of the Wind in the Dry Tree <\/em>\u2013 Hohm Press, 2014 (12 poems of the <em>Sansho Doei<\/em> by Master Dogen and the <em>Komyozo Zanmai<\/em> of his disciple and succesor Koun Ejo)<\/li>\n<li><em> Zen Simply Sitting<\/em> \u2013 Hohm Press, 2007. (The <em>Fukanzazengi<\/em> by MasterDogen)<\/li>\n<li><em>In the<\/em> <em>Belly of the Dragon<\/em> Vol. 1 \u2013 American Zen Association New Orl\u00e9ans, 2005. (The <em>Shinjinmei <\/em>by Master Sosan)<\/li>\n<\/ul>\n<p><u>Books by Taisen Deshimaru, edited by Philippe Coupey <\/u><\/p>\n<ul>\n<li><em>Zen &amp; Karma<\/em>, 2016, Hohm Press (Teaching on karma, held by Master Deshimaru during a summer retreat) New edition of<em> The Voice of the Valley<\/em> \u2013 Bobbs-Merrill, 1979.<\/li>\n<li><em>Zen &amp; Budo<\/em> \u2013 Budo Editions , 2014 (Bilingual english \/ french) (Teaching on Zen and the martial arts, edited by Ph. Coupey)<\/li>\n<li><em>Sit<\/em> \u2013 Hohm Press, 1996. (Teaching on the education in Rinzai and Soto zen, held by Master Deshimaru during a summer retreat)<\/li>\n<\/ul>\n<p><strong><u>Fiction<\/u><\/strong><\/p>\n<ul>\n<li><em>Horse Medecine <\/em>\u2013 American Zen Association, New Orl\u00e9ans 2002. _ Alias M. C. Dalley.<\/li>\n<\/ul>\n<ul>\n<li><em>Temple Rapidly Vanishing<\/em> \u2013 Deux Versants \u00c9diteur, 2012 &#8211; Alias M. C. Dalley.<\/li>\n<\/ul>\n<p><strong><em><u>En langue fran\u00e7aise<\/u><\/em><\/strong><\/p>\n<p><u>Livres Zen de Philippe Coupey<\/u><\/p>\n<ul>\n<li><em>Fragments Zen &#8211; M\u00e9moires de chair<\/em> &#8211; Editions L&#8217;Originel-Antoni 2021<\/li>\n<li><em>Zen d\u2019aujourd hui<\/em> \u2013 Edition le Reli\u00e9, 2014 (S\u00e9lection de l\u2019enseignement de Ph.C.)<\/li>\n<\/ul>\n<ul>\n<li><em>Le chant du vent dans l\u2019arbre sec<\/em> \u2013 Edition l\u2019Originel-Antoni, 2011 (12 po\u00e8mes du Sansho Doei du Ma\u00eetre Dogen et le Komyozo Zanmai de son disciple et successeur Koun Ejo)<\/li>\n<\/ul>\n<ul>\n<li><em>Zen simple assise<\/em> \u2013 Adverbum\/\u00c9ditions D\u00e9siris, 2009. (Le Fukanzazengi du Ma\u00eetre Dogen)<\/li>\n<\/ul>\n<ul>\n<li><em>Mon corps de lune<\/em> \u2013 Adverbum\/\u00c9ditions D\u00e9siris, 2007. (Quarante six po\u00e8mes de l\u2019Eiheikoroku du Ma\u00eetre Dogen)<\/li>\n<\/ul>\n<ul>\n<li><em>Dans le ventre du Dragon<\/em> <em>Vol. 1<\/em>\u2013 Deux versants \u00e9diteur, 2002. (Le Shinjinmei du Ma\u00eetre Sosan) &#8211; EPUISE<\/li>\n<\/ul>\n<p><u>Livres de Taisen Deshimaru \u2013 r\u00e9dig\u00e9s par Philippe Coupey<\/u><\/p>\n<ul>\n<li><em>Zen<\/em>: <em>Les deux versants du zen, <\/em>2017, Editions de l\u2019\u00e9vil (Enseignement portant sur le zen rinzai et le zen s\u00f4t\u00f4 &#8211; du Ma\u00eetre Taisen Deshimaru) Nouvelle \u00e9dition de <em>Le rugissement du lion<\/em> \u2013 Editions du Rocher, 1994.<\/li>\n<\/ul>\n<ul>\n<li><em>Zen &amp; Karma, <\/em>2016, Editions de l\u2019\u00e9vil (Enseignement\u00a0 portant sur le karma &#8211; du Ma\u00eetre Taisen Deshimaru) Nouvelle \u00e9dition de <em>La voix de la vall\u00e9e<\/em> \u2013 Editions du Rocher, 1994.<\/li>\n<\/ul>\n<ul>\n<li><em>Zen &amp; Budo<\/em> \u2013 Budo Editions , 2014 (Livre bilingue anglais\/fran\u00e7ais) (Enseignement portant sur le zen et les arts martiaux)<\/li>\n<\/ul>\n<p><u>Livres fiction<\/u><\/p>\n<ul>\n<li><em>Un rem\u00e8de de cheval<\/em> \u2013 Deux Versants \u00c9diteur, 2002. R\u00e9\u00e9dition, 2008 NOUVELLE EDITION 2016 chez Editions de l\u2019Harmattan sous le pseudonyme de M.C. Dalley.<\/li>\n<li><em>Temple de l\u2019\u00e9vanescence<\/em> \u2013 Deux Versants \u00c9diteur, 2011 sous le pseudonyme de M.C. Dalley<\/li>\n<\/ul>\n<p><strong><em><u>In Deutsch<\/u><\/em><\/strong><\/p>\n<ul>\n<li><em>Tun und Lassen<\/em> &#8211; von Philippe Coupey, Kristkeitz-Verlag Heidelberg 2020<\/li>\n<li><em>Die Stimme des Tales<\/em> \u2013 Werner Kristkeitz Verlag, 1982. (\u00dcber Karma, von Meister Deshimaru, editiert von Philippe Coupey)<\/li>\n<li><em>Sit Zen der Drache<\/em> \u2013 Angkor Verlag, 2001. (\u00dcber Erziehung im Rinzai und Soto-Zen von Meister Deshimaru, editiert von Philippe Coupey)<\/li>\n<\/ul>\n<ul>\n<li><em>San Do kai <\/em>\u2013 Shin Edition, 2005. (Das <em>San Do Kai<\/em> von Zen-Meister Sekito, kommentiert von Ph. Coupey)<\/li>\n<\/ul>\n<p><strong><em><u>En espa\u00f1ol <\/u><\/em><\/strong><\/p>\n<ul>\n<li><em>La Voz del Valle<\/em> \u2013 Ediciones Paidos Ib\u00e9rica, 1985.<\/li>\n<\/ul>\n<p>Ense\u00f1anza\u00a0 &#8211; sobre el karma- del Maestro Taisen Dashimaru, redactada por Ph. C.<\/p>\n<p><strong><em><u>In lingua italiana<\/u><\/em><\/strong><\/p>\n<ul>\n<li><em>La Voce della Valle<\/em> \u2013 Ubaldini Editore, 1985.<\/li>\n<\/ul>\n<p>(Insegnamento orale &#8211; sul karma &#8211; del Maestro Taisen Deshimaru, redatto da Ph. C.)<\/p>\n<p><strong>\u00a0<\/strong><\/p>\n","protected":false},"excerpt":{"rendered":"<p>05\/05\/2021 In English Commentary by Philippe Coupey on the Zen classics In the Belly of the Dragon Vol. 1 et 2 &#8211; Hohm Press, 2020 (The Shinjinmei by Master Sosan) The Song of the Wind in the Dry Tree \u2013 Hohm Press, 2014 (12 poems of the Sansho Doei by Master Dogen and the Komyozo [&hellip;]<\/p>\n","protected":false},"author":1,"featured_media":457,"parent":0,"menu_order":0,"comment_status":"closed","ping_status":"closed","template":"","meta":{"_genesis_hide_title":false,"_genesis_hide_breadcrumbs":false,"_genesis_hide_singular_image":false,"_genesis_hide_footer_widgets":false,"_genesis_custom_body_class":"","_genesis_custom_post_class":"","_genesis_layout":"","footnotes":""},"class_list":{"0":"post-1288","1":"page","2":"type-page","3":"status-publish","4":"has-post-thumbnail","6":"entry"},"translation":{"provider":"WPGlobus","version":"3.0.2","language":"en","enabled_languages":["fr","de","en"],"languages":{"fr":{"title":true,"content":true,"excerpt":false},"de":{"title":true,"content":true,"excerpt":false},"en":{"title":true,"content":true,"excerpt":false}}},"_links":{"self":[{"href":"https:\/\/zen-road.org\/en\/wp-json\/wp\/v2\/pages\/1288","targetHints":{"allow":["GET"]}}],"collection":[{"href":"https:\/\/zen-road.org\/en\/wp-json\/wp\/v2\/pages"}],"about":[{"href":"https:\/\/zen-road.org\/en\/wp-json\/wp\/v2\/types\/page"}],"author":[{"embeddable":true,"href":"https:\/\/zen-road.org\/en\/wp-json\/wp\/v2\/users\/1"}],"replies":[{"embeddable":true,"href":"https:\/\/zen-road.org\/en\/wp-json\/wp\/v2\/comments?post=1288"}],"version-history":[{"count":0,"href":"https:\/\/zen-road.org\/en\/wp-json\/wp\/v2\/pages\/1288\/revisions"}],"wp:featuredmedia":[{"embeddable":true,"href":"https:\/\/zen-road.org\/en\/wp-json\/wp\/v2\/media\/457"}],"wp:attachment":[{"href":"https:\/\/zen-road.org\/en\/wp-json\/wp\/v2\/media?parent=1288"}],"curies":[{"name":"wp","href":"https:\/\/api.w.org\/{rel}","templated":true}]}}