{"id":1295,"date":"2017-04-24T11:14:31","date_gmt":"2017-04-24T09:14:31","guid":{"rendered":"http:\/\/stage.zen-road.org\/?p=1295"},"modified":"2020-07-14T12:54:54","modified_gmt":"2020-07-14T10:54:54","slug":"mention-legales","status":"publish","type":"page","link":"https:\/\/zen-road.org\/en\/mention-legales\/","title":{"rendered":"Imprint"},"content":{"rendered":"<h2>Mentions l\u00e9gales<\/h2>\n<p>Zen Road est un projet \u00e0 but non lucratif, cr\u00e9\u00e9 en 2002.<\/p>\n<p><span style=\"font-size: 10pt;\">\u00a0<\/span><\/p>\n<h3>Administration<\/h3>\n<ul>\n<li>G\u00e9rard Lalleau, Lille<\/li>\n<li>Jonas Endres, Paris<\/li>\n<li>Konstantin Schikarski, Berlin<\/li>\n<\/ul>\n<h3><\/h3>\n","protected":false},"excerpt":{"rendered":"<p>Mentions l\u00e9gales Zen Road est un projet \u00e0 but non lucratif, cr\u00e9\u00e9 en 2002. \u00a0 Administration G\u00e9rard Lalleau, Lille Jonas Endres, Paris Konstantin Schikarski, Berlin<\/p>\n","protected":false},"author":11,"featured_media":0,"parent":0,"menu_order":0,"comment_status":"closed","ping_status":"open","template":"","meta":{"_genesis_hide_title":false,"_genesis_hide_breadcrumbs":false,"_genesis_hide_singular_image":false,"_genesis_hide_footer_widgets":false,"_genesis_custom_body_class":"","_genesis_custom_post_class":"","_genesis_layout":"","footnotes":""},"class_list":{"0":"post-1295","1":"page","2":"type-page","3":"status-publish","5":"entry"},"translation":{"provider":"WPGlobus","version":"3.0.2","language":"en","enabled_languages":["fr","de","en"],"languages":{"fr":{"title":true,"content":true,"excerpt":false},"de":{"title":true,"content":false,"excerpt":false},"en":{"title":true,"content":false,"excerpt":false}}},"_links":{"self":[{"href":"https:\/\/zen-road.org\/en\/wp-json\/wp\/v2\/pages\/1295","targetHints":{"allow":["GET"]}}],"collection":[{"href":"https:\/\/zen-road.org\/en\/wp-json\/wp\/v2\/pages"}],"about":[{"href":"https:\/\/zen-road.org\/en\/wp-json\/wp\/v2\/types\/page"}],"author":[{"embeddable":true,"href":"https:\/\/zen-road.org\/en\/wp-json\/wp\/v2\/users\/11"}],"replies":[{"embeddable":true,"href":"https:\/\/zen-road.org\/en\/wp-json\/wp\/v2\/comments?post=1295"}],"version-history":[{"count":0,"href":"https:\/\/zen-road.org\/en\/wp-json\/wp\/v2\/pages\/1295\/revisions"}],"wp:attachment":[{"href":"https:\/\/zen-road.org\/en\/wp-json\/wp\/v2\/media?parent=1295"}],"curies":[{"name":"wp","href":"https:\/\/api.w.org\/{rel}","templated":true}]}}