{"id":3218,"date":"2020-07-13T10:39:55","date_gmt":"2020-07-13T08:39:55","guid":{"rendered":"https:\/\/zen-road.org\/?page_id=3218"},"modified":"2020-07-14T12:20:56","modified_gmt":"2020-07-14T10:20:56","slug":"entretiens-avec-philippe-rei-ryu-coupey","status":"publish","type":"page","link":"https:\/\/zen-road.org\/en\/entretiens-avec-philippe-rei-ryu-coupey\/","title":{"rendered":"Entretiens avec Philippe Rei Ryu Coupey"},"content":{"rendered":"\n<hr class=\"wp-block-separator\"\/>\n\n\n\n<p>Une sangha dans notre \u00e9poque &#8211; Un entretien au sujet de Ma\u00eetre Deshimaru et de la pratique de zen aujourd&#8217;hui. Paru en avril 2020 sur <a rel=\"noreferrer noopener\" href=\"https:\/\/bouddhanews.fr\/philippe-rei-ryu-coupey-il-nexiste-aucune-separation\/\" target=\"_blank\">www.bouddhanews.fr<\/a><\/p>\n\n\n\n<hr class=\"wp-block-separator\"\/>\n\n\n\n<p>Une vie hors des clous au service de zazen &#8211; Portrait de Philippe Coupey paru en avril 2020 sur <a rel=\"noreferrer noopener\" href=\"https:\/\/bouddhanews.fr\/philippe-rei-ryu-coupey-une-vie-hors-des-clous-au-service-de-zazen\/\" target=\"_blank\">www.bouddhanews.fr<\/a><\/p>\n\n\n\n<hr class=\"wp-block-separator\"\/>\n\n\n\n<p>Un chemin vers le l\u00e2cher-prise &#8211; Portrait de la <em>Sangha sans demeure<\/em>, paru en avril 2020 sur <a rel=\"noreferrer noopener\" href=\"https:\/\/bouddhanews.fr\/en-chemin-vers-le-lacher-prise\/\" target=\"_blank\">www.bouddhanews.fr<\/a><\/p>\n\n\n\n<hr class=\"wp-block-separator\"\/>\n\n\n\n<p>La Voie de la r\u00e9v\u00e9lation imm\u00e9diate &#8211; Un entretien sur le Zen et les Arts Martiaux. Paru dans DRAGON MAGAZINE, f\u00e9vrier 2018<\/p>\n\n\n\n<div class=\"wp-block-file\"><a href=\"https:\/\/zen-road.org\/wp-content\/uploads\/2020\/07\/La-Voie-de-la-revelation-immediate-Dragon-Magazin-2-2018.pdf\" class=\"wp-block-file__button\" download>T\u00e9l\u00e9charger<\/a><\/div>\n\n\n\n<hr class=\"wp-block-separator\"\/>\n\n\n\n<figure class=\"wp-block-embed-youtube wp-block-embed is-type-video is-provider-youtube wp-embed-aspect-4-3 wp-has-aspect-ratio\"><div class=\"wp-block-embed__wrapper\">\n<iframe loading=\"lazy\" title=\"Sagesses bouddhiste \/ Philippe Coupey, moine zen \/ Ao\u00fbt 2018 (partie 1)\" width=\"500\" height=\"375\" src=\"https:\/\/www.youtube.com\/embed\/isWzsETfIes?feature=oembed\" frameborder=\"0\" allow=\"accelerometer; autoplay; clipboard-write; encrypted-media; gyroscope; picture-in-picture; web-share\" referrerpolicy=\"strict-origin-when-cross-origin\" allowfullscreen><\/iframe>\n<\/div><figcaption>Un entretien sur France 2 au sujet du ma\u00eetre Zen Daichi (1\/2)<\/figcaption><\/figure>\n\n\n\n<figure class=\"wp-block-embed-youtube wp-block-embed is-type-video is-provider-youtube wp-embed-aspect-16-9 wp-has-aspect-ratio\"><div class=\"wp-block-embed__wrapper\">\n<iframe loading=\"lazy\" title=\"Sagesses bouddhiste \/Philippe Coupey, moine zen \/ Ao\u00fbt 2018 (2\u00e8me partie)\" width=\"500\" height=\"281\" src=\"https:\/\/www.youtube.com\/embed\/KflNKdQ8THg?feature=oembed\" frameborder=\"0\" allow=\"accelerometer; autoplay; clipboard-write; encrypted-media; gyroscope; picture-in-picture; web-share\" referrerpolicy=\"strict-origin-when-cross-origin\" allowfullscreen><\/iframe>\n<\/div><figcaption>Un entretien sur France 2 au sujet du ma\u00eetre Zen Daichi (2\/2)<\/figcaption><\/figure>\n\n\n\n<hr class=\"wp-block-separator\"\/>\n\n\n\n<p>Transparency &#8211; Un entretien sur la transparence et autres questions socio-\u00e9conomiques. Paru en langue anglaise dans DUST MAGAZINE en septembre 2017.<\/p>\n\n\n\n<div class=\"wp-block-file\"><a href=\"https:\/\/zen-road.org\/wp-content\/uploads\/2020\/07\/DUST_012_Coupey-agnes-villette-sept-2017.pdf\" class=\"wp-block-file__button\" download>T\u00e9l\u00e9charger<\/a><\/div>\n\n\n\n<hr class=\"wp-block-separator\"\/>\n\n\n\n<p>Le choix de la langue &#8211; Un entretien au sujet de la litt\u00e9rature, des traductions et de la fiction zen\u2026paru sur le site de la revue culturelle critique <a rel=\"noreferrer noopener\" href=\"http:\/\/delibere.fr\/traduction-le-choix-de-la-langue\/\" target=\"_blank\"><strong>d\u00e9lib\u00e9r\u00e9<\/strong><\/a> en septembre 2017.<\/p>\n\n\n\n<hr class=\"wp-block-separator\"\/>\n\n\n\n<p>Zen, plus qu&#8217;une attitude, une voie &#8211; Un entretien au sujet de la Voie du Zen. Paru dans REFLETS n\u00b0 14 d\u00e9cembre 2014<\/p>\n\n\n\n<div class=\"wp-block-file\"><a href=\"https:\/\/zen-road.org\/wp-content\/uploads\/2020\/07\/Interview-PhC-Reflets-dec2014.pdf\" class=\"wp-block-file__button\" download>T\u00e9l\u00e9charger<\/a><\/div>\n\n\n\n<hr class=\"wp-block-separator\"\/>\n\n\n\n<p>Lorsqu&#8217;on travaille pour la Voie &#8211; Un entretien au sujet du travail et de la pratique au quotidien. Paru dans REGARD BOUDDHISTE en septembre 2014<\/p>\n\n\n\n<div class=\"wp-block-file\"><a href=\"https:\/\/zen-road.org\/wp-content\/uploads\/2020\/07\/Interview-Philippe-Regard-Bouddhist-sept-2014-FINAL.pdf\" class=\"wp-block-file__button\" download>T\u00e9l\u00e9charger<\/a><\/div>\n\n\n\n<hr class=\"wp-block-separator\"\/>\n\n\n\n<p>Nous le ne savons pas &#8211; Entretien au sujet de la mort. Traduction fran\u00e7aise de l&#8217;interview parue dans BUDDHISMUS AKTUELL, juin 2014, en langue allemande.<\/p>\n\n\n\n<div class=\"wp-block-file\"><a href=\"https:\/\/zen-road.org\/wp-content\/uploads\/2020\/07\/Interview-de-PhC-nous-le-savons-pas-Buddhismus-aktuell.pdf\" class=\"wp-block-file__button\" download>T\u00e9l\u00e9charger<\/a><\/div>\n\n\n\n<hr class=\"wp-block-separator\"\/>\n\n\n\n<p>Strictement Zen &#8211; Un portrait sur Philippe Coupey et sa pratique au Dojo Zen de Paris. Paru dans LE 13 DU MOIS en mars 2014<\/p>\n\n\n\n<div class=\"wp-block-file\"><a href=\"https:\/\/zen-road.org\/wp-content\/uploads\/2020\/07\/Interview-PhC-Strictement-Zen-Le-13-du-mois-mars-2014.pdf\" class=\"wp-block-file__button\" download>T\u00e9l\u00e9charger<\/a><\/div>\n\n\n\n<hr class=\"wp-block-separator\"\/>\n\n\n\n<figure class=\"wp-block-embed-youtube wp-block-embed is-type-video is-provider-youtube wp-embed-aspect-16-9 wp-has-aspect-ratio\"><div class=\"wp-block-embed__wrapper\">\n<iframe loading=\"lazy\" title=\"Interview avec Philippe Coupey 1\" width=\"500\" height=\"281\" src=\"https:\/\/www.youtube.com\/embed\/d6tuNtbn1og?feature=oembed\" frameborder=\"0\" allow=\"accelerometer; autoplay; clipboard-write; encrypted-media; gyroscope; picture-in-picture; web-share\" referrerpolicy=\"strict-origin-when-cross-origin\" allowfullscreen><\/iframe>\n<\/div><figcaption>Interview parue sur Bouddhachannel en avril 2013 (1\/2)<\/figcaption><\/figure>\n\n\n\n<figure class=\"wp-block-embed-youtube wp-block-embed is-type-video is-provider-youtube wp-embed-aspect-16-9 wp-has-aspect-ratio\"><div class=\"wp-block-embed__wrapper\">\n<iframe loading=\"lazy\" title=\"Interview avec Philippe Coupey 2\" width=\"500\" height=\"281\" src=\"https:\/\/www.youtube.com\/embed\/i0rtgkEFCS0?feature=oembed\" frameborder=\"0\" allow=\"accelerometer; autoplay; clipboard-write; encrypted-media; gyroscope; picture-in-picture; web-share\" referrerpolicy=\"strict-origin-when-cross-origin\" allowfullscreen><\/iframe>\n<\/div><figcaption>Interview parue sur Bouddhachannel en avril 2013 (2\/2)<\/figcaption><\/figure>\n","protected":false},"excerpt":{"rendered":"<p>Une sangha dans notre \u00e9poque &#8211; Un entretien au sujet de Ma\u00eetre Deshimaru et de la pratique de zen aujourd&#8217;hui. Paru en avril 2020 sur www.bouddhanews.fr Une vie hors des clous au service de zazen &#8211; Portrait de Philippe Coupey paru en avril 2020 sur www.bouddhanews.fr Un chemin vers le l\u00e2cher-prise &#8211; Portrait de la [&hellip;]<\/p>\n","protected":false},"author":11,"featured_media":3231,"parent":0,"menu_order":0,"comment_status":"closed","ping_status":"closed","template":"","meta":{"_genesis_hide_title":false,"_genesis_hide_breadcrumbs":false,"_genesis_hide_singular_image":false,"_genesis_hide_footer_widgets":false,"_genesis_custom_body_class":"","_genesis_custom_post_class":"","_genesis_layout":"","footnotes":""},"class_list":{"0":"post-3218","1":"page","2":"type-page","3":"status-publish","4":"has-post-thumbnail","6":"entry"},"translation":{"provider":"WPGlobus","version":"3.0.2","language":"en","enabled_languages":["fr","de","en"],"languages":{"fr":{"title":true,"content":true,"excerpt":false},"de":{"title":false,"content":false,"excerpt":false},"en":{"title":false,"content":false,"excerpt":false}}},"_links":{"self":[{"href":"https:\/\/zen-road.org\/en\/wp-json\/wp\/v2\/pages\/3218","targetHints":{"allow":["GET"]}}],"collection":[{"href":"https:\/\/zen-road.org\/en\/wp-json\/wp\/v2\/pages"}],"about":[{"href":"https:\/\/zen-road.org\/en\/wp-json\/wp\/v2\/types\/page"}],"author":[{"embeddable":true,"href":"https:\/\/zen-road.org\/en\/wp-json\/wp\/v2\/users\/11"}],"replies":[{"embeddable":true,"href":"https:\/\/zen-road.org\/en\/wp-json\/wp\/v2\/comments?post=3218"}],"version-history":[{"count":0,"href":"https:\/\/zen-road.org\/en\/wp-json\/wp\/v2\/pages\/3218\/revisions"}],"wp:featuredmedia":[{"embeddable":true,"href":"https:\/\/zen-road.org\/en\/wp-json\/wp\/v2\/media\/3231"}],"wp:attachment":[{"href":"https:\/\/zen-road.org\/en\/wp-json\/wp\/v2\/media?parent=3218"}],"curies":[{"name":"wp","href":"https:\/\/api.w.org\/{rel}","templated":true}]}}