{"id":4358,"date":"2022-02-25T15:05:14","date_gmt":"2022-02-25T14:05:14","guid":{"rendered":"https:\/\/zen-road.org\/?page_id=4358"},"modified":"2026-02-14T16:35:42","modified_gmt":"2026-02-14T15:35:42","slug":"sesshin-im-mai","status":"publish","type":"page","link":"https:\/\/zen-road.org\/en\/sesshin-im-mai\/","title":{"rendered":"Information de Sesshin Mai \u2013 Ommerborn 2026"},"content":{"rendered":"<\/p>\n\n\n<p><strong>Arriv\u00e9e :<\/strong> jeudi 7 mai 2026 \u00e0 partir de 17 heures<br><strong>D\u00e9part :<\/strong> Dimanche 10 mai 2026 vers 15h apr\u00e8s samu nettoyage<\/p>\n\n\n\n<p><strong>Co\u00fbts<br><\/strong>Prix normal : 145,00 EUR<br>Prix de subvention : 190,00 EUR<br>Si vous avez besoin d&#8217;une r\u00e9duction, n&#8217;h\u00e9sitez pas \u00e0 nous en parler.<\/p>\n\n\n\n<p><strong>Inscription<\/strong><br>inscription@zen-road.org<\/p>\n\n\n\n<p>formulaire : <a href=\"https:\/\/zen-road.org\/inscription-sesshin-mai-2026\/\" target=\"_blank\" rel=\"noreferrer noopener\">https:\/\/zen-road.org\/inscription-sesshin-mai-2026\/<\/a><\/p>\n\n\n\n<p><strong>A apporter<\/strong><br>Zafu, zafuton ou couverture comme support.<br>Des v\u00eatements sombres et confortables pour zazen, ainsi que des v\u00eatements adapt\u00e9s au samu (travaux communs pour la communaut\u00e9) ; des chaussures d&#8217;int\u00e9rieur et de marche.<br>Bol, serviette, cuill\u00e8re et fourchette.<br>Drap ou sac de couchage, les draps peuvent \u00eatre lou\u00e9s sur place (drap, housse de couette, taie d&#8217;oreiller co\u00fbtent 8 EUR).<br>Les t\u00e9l\u00e9phones portables ne doivent pas \u00eatre utilis\u00e9s pendant les sesshins, veuillez vous organiser en cons\u00e9quence \u00e0 l&#8217;avance.<\/p>\n\n\n\n<p><strong>Voyage<\/strong><br>En avion : A\u00e9roport de Cologne ou de D\u00fcsseldorf. De D\u00fcsseldorf, prendre le train r\u00e9gional jusqu&#8217;\u00e0 la gare centrale de Cologne.<br>Train : gare d&#8217;Engelskirchen. Depuis Engelskirchen, des taxis collectifs sont disponibles sur r\u00e9servation jusqu&#8217;au lieu de la sesshin, le monast\u00e8re d&#8217;Ommerborn.<br>Voiture : depuis l&#8217;A4 de Cologne en direction d&#8217;Olpe, prendre la sortie Untereschbach n\u00b0 21 en direction de Wipperf\u00fchrt. A Mittelsteg, tourner \u00e0 gauche en direction de Wipperf\u00fcrth et suivre la route sur environ 7 km jusqu&#8217;\u00e0 Sch\u00e4tzm\u00fchle. L\u00e0, tourner \u00e0 gauche vers Ommerborn. Suivre la route sur environ 3 km et tourner \u00e0 gauche environ 500 m apr\u00e8s Obersteinbach. Vous y verrez d\u00e9j\u00e0 notre maison ainsi qu&#8217;un embl\u00e8me de la r\u00e9gion &#8211; 3 croix.<\/p>\n\n\n\n<p><strong>Lieu<\/strong> &#8211; Kloster Ommerborn I Ommerborn 4 I 51688 Wipperf\u00fcrth<\/p>\n\n\n\n<p><\/p>\n\n\n<p>","protected":false},"excerpt":{"rendered":"<p>Arriv\u00e9e : jeudi 7 mai 2026 \u00e0 partir de 17 heuresD\u00e9part : Dimanche 10 mai 2026 vers 15h apr\u00e8s samu nettoyage Co\u00fbtsPrix normal : 145,00 EURPrix de subvention : 190,00 EURSi vous avez besoin d&#8217;une r\u00e9duction, n&#8217;h\u00e9sitez pas \u00e0 nous en parler. Inscriptioninscription@zen-road.org formulaire : https:\/\/zen-road.org\/inscription-sesshin-mai-2026\/ A apporterZafu, zafuton ou couverture comme support.Des v\u00eatements sombres [&hellip;]<\/p>\n","protected":false},"author":13,"featured_media":0,"parent":0,"menu_order":0,"comment_status":"closed","ping_status":"closed","template":"","meta":{"_genesis_hide_title":false,"_genesis_hide_breadcrumbs":false,"_genesis_hide_singular_image":false,"_genesis_hide_footer_widgets":false,"_genesis_custom_body_class":"","_genesis_custom_post_class":"","_genesis_layout":"","footnotes":""},"class_list":{"0":"post-4358","1":"page","2":"type-page","3":"status-publish","5":"entry"},"translation":{"provider":"WPGlobus","version":"3.0.2","language":"en","enabled_languages":["fr","de","en"],"languages":{"fr":{"title":true,"content":true,"excerpt":false},"de":{"title":true,"content":true,"excerpt":false},"en":{"title":false,"content":false,"excerpt":false}}},"_links":{"self":[{"href":"https:\/\/zen-road.org\/en\/wp-json\/wp\/v2\/pages\/4358","targetHints":{"allow":["GET"]}}],"collection":[{"href":"https:\/\/zen-road.org\/en\/wp-json\/wp\/v2\/pages"}],"about":[{"href":"https:\/\/zen-road.org\/en\/wp-json\/wp\/v2\/types\/page"}],"author":[{"embeddable":true,"href":"https:\/\/zen-road.org\/en\/wp-json\/wp\/v2\/users\/13"}],"replies":[{"embeddable":true,"href":"https:\/\/zen-road.org\/en\/wp-json\/wp\/v2\/comments?post=4358"}],"version-history":[{"count":51,"href":"https:\/\/zen-road.org\/en\/wp-json\/wp\/v2\/pages\/4358\/revisions"}],"predecessor-version":[{"id":6287,"href":"https:\/\/zen-road.org\/en\/wp-json\/wp\/v2\/pages\/4358\/revisions\/6287"}],"wp:attachment":[{"href":"https:\/\/zen-road.org\/en\/wp-json\/wp\/v2\/media?parent=4358"}],"curies":[{"name":"wp","href":"https:\/\/api.w.org\/{rel}","templated":true}]}}