{"id":520,"date":"2009-03-31T08:00:09","date_gmt":"2009-03-31T06:00:09","guid":{"rendered":"http:\/\/stage.zen-road.org\/wo-man-sitzen-kann\/"},"modified":"2025-06-24T12:58:25","modified_gmt":"2025-06-24T10:58:25","slug":"dojos","status":"publish","type":"page","link":"https:\/\/zen-road.org\/en\/dojos\/","title":{"rendered":"where to sit"},"content":{"rendered":"<h3>En France:<\/h3>\n<p><em>Groupes zen en lien avec Philippe Reiryu Coupey, pour d&#8217;autres dojos dans la lign\u00e9e de Ma\u00eetre Deshimar, veuillez consulter le site web de l&#8217;<a href=\"http:\/\/zen-azi.org\">Association Zen Internationale (AZI)<\/a><\/em><\/p>\n<p><strong>Boulogne-Billancourt &#8211;<\/strong> \u00a0<a href=\"https:\/\/www.meditation-zen-boulogne.com\">Dojo Zen de Boulogne<\/a>\u00a0\u00b7 3, rue Nationale \u00b7 92100 Boulogne<br \/>\nResponsables : Denis Crozet, Guillaume Faravel \u00b7 <a href=\"https:\/\/www.meditation-zen-boulogne.com\" target=\"_blank\" rel=\"noopener\">https:\/\/www.meditation-zen-boulogne.com<\/a><\/p>\n<p><strong>Cergy &#8211; <\/strong><a href=\"http:\/\/www.dojozencergy.fr\/\">Dojo zen de Cergy<\/a> \u00b7 LCR de la Justice Turquoise \u00b7 Avenue du Nord \u00b7 95000 Cergy<br \/>\nResponsable provisoire\u00a0: Fran\u00e7oise Lesage &#8211; <a href=\"http:\/\/www.dojozencergy.com\">http:\/\/www.dojozencergy.com\/<\/a><\/p>\n<p><strong>Cieurac-Cahors<\/strong> &#8211; <a href=\"https:\/\/www.dojozencieurac.org\/\" target=\"_blank\" rel=\"noopener noreferrer\">Groupe zen de Cieurac<\/a> \u00b7\u00a0<span class=\"color_15\">335, Chemin de Martel 46230 Cieurac \u00b7 Responsable: Michael Weill \u00b7 <a href=\"https:\/\/www.dojozencieurac.org\/\" target=\"_blank\" rel=\"noopener noreferrer\">https:\/\/www.dojozencieurac.org\/<\/a><br \/>\n<\/span><\/p>\n<p><strong>Dinan &#8211;<\/strong> Dojo Zen Dinan\u00a0\u00b7 14 Rue Paul Sebillo \u00b7 22100 Dinan<br \/>\nResponsables : Andr\u00e9 Huet,\u00a0Val\u00e9rie Dedieu &#8211; Renseignements :\u00a0andrehuet[@]yahoo.fr<\/p>\n<p><strong>Finist\u00e8re sud &#8211;<\/strong> <a href=\"https:\/\/zenvagabond.net\/\">Dojo zen vagabond<\/a> (Briec et Quimper) \u00b7 Responsable: Philippe Saux-Picard \u00b7 +33 (0)6 52 20 93 52<\/p>\n<p><strong>Le Havre &#8211; <\/strong><a href=\"http:\/\/zenlehavre.blogspot.fr\/\">Dojo zen Le Havre<\/a> \u00b7 127, rue d&#8217;Etretat \u00b7 76600 Le Havre<br \/>\nResponsable : Nathalie le Guillanton &#8211; <a href=\"https:\/\/zenlehavre.blogspot.com\/\">https:\/\/zenlehavre.blogspot.com\/<\/a><\/p>\n<p><strong>Les Ulis &#8211; <\/strong>Groupe zen Les Ulis \u00b7 18, LCR Vaucouleur \u00b7 91940 Les Ulis<\/p>\n<p><strong>Les Ulis &#8211; <\/strong>Groupe zen Les Ulis \u00b7 18- LCR Vaucouleur \u00b7 91940 Les Ulis<br \/>\nAdresse postale : P. Laroussi \u00b7 B\u00e2t B2 \u00b7 r\u00e9sidence les Millepertuis \u00b7 91940 LES ULIS<br \/>\nResponsable : Pascale Laroussi &#8211; (+33) 6 62 87 48 03 \u00b7 <a href=\"mailto:plaroussi9@gmail.com\">plaroussi9[@]gmail.com<\/a><\/p>\n<p><strong>Lorgues &#8211; <\/strong>Groupe zen de Lorgues \u00b7 665 Carraire du Pin \u00b7 83510 Lorgues<br \/>\nResponsable\u00a0: Yves J\u00e9gou &#8211; Renseignements: yvesjegou[@]yahoo.fr &#8211; Yves J\u00e9gou (+33) 4 94 73 97 64<\/p>\n<p><strong>Lyon &#8211; <\/strong><a href=\"http:\/\/www.dojo-bouddhiste-zen-lyon.fr\/\">Dojo zen Bouddhiste de Lyon<\/a> \u00b7 Salle Kailasa 17 rue Raspail \u00b7 7, rue Alexandre Boutin \u00b7 69100 Villeurbanne<br \/>\nResponsable\u00a0: Paul Pichaureau &#8211; <a href=\"http:\/\/www.dojo-bouddhiste-zen-lyon.fr\/\">http:\/\/www.dojo-bouddhiste-zen-lyon.fr\/<\/a><\/p>\n<p><strong>Nantes &#8211; <\/strong><a href=\"http:\/\/dojo-zen-nantes.super-h.fr\/\">Dojo zen de Nantes<\/a> \u00b7 4, rue de la Rosi\u00e8re d\u2019art \u00b7 44000 Nantes<br \/>\nResponsable : Fran\u00e7ois Lang &#8211; <a href=\"https:\/\/dojozennantes.wordpress.com\/\">https:\/\/dojozennantes.wordpress.com\/<\/a><\/p>\n<p><strong>Paris &#8211; <\/strong><a href=\"http:\/\/www.seinezen-paris.org\/\">Dojo Seine Zen<\/a> \u00b7 Arm\u00e9e du Salut \u00b7 29, rue de cordeli\u00e8res \u00b7 75013 Paris<br \/>\nResponsable\u00a0: Philippe Coupey &#8211; <a href=\"http:\/\/www.seinezen-paris.org\/\">http:\/\/www.seinezen-paris.org\/<\/a><\/p>\n<p><strong>Paris &#8211; <\/strong><a href=\"https:\/\/www.dojo-zen.org\/\" target=\"_blank\" rel=\"noopener\">Dojo \u00cele de la Cit\u00e9<\/a> \u00b7 24 rue Chanoinesse \u00b7\u00a0 75004 Paris<br \/>\nResponsable : Jonas Endres &#8211; Renseignements: +33(0) 6 74 85 36 93<\/p>\n<p><strong>Paris &#8211; <\/strong>Dojo zen d&#8217;Avron \u00b7 11 rue des Haies (m\u00e9tro: Nation, Avron ou Buzenval) \u00b7 75020 Paris<br \/>\nResponsable: Blanche Heugel &#8211; Renseignements: +33(0)675208606<\/p>\n<p><strong>Pontchartrain \/ Tremblay sur Mauldre &#8211; <\/strong>Groupe zen \u00b7 Salle Blaise Cendrars \u00b7<br \/>\n78490 Tremblay sur Mauldre \u00b7 Responsable : Fran\u00e7oise Lesage &#8211; Renseignements: Fran\u00e7oise Lesage +33(0)6 31 76 35 43 \u00b7 <a href=\"mailto:fr.lesage@libertysurf.fr\"><span class=\"u_b en_0 C4_Z2aVTcY\" data-test-id=\"message-from\"><span class=\"D_F rtlI_dz_sSg\" data-test-id=\"email-pill\"><span class=\"u_N C_Z1VRpVF\">fr.lesage.we@gmail.com<\/span><\/span><\/span><\/a><\/p>\n<p><strong>Rouen &#8211; <\/strong><a href=\"http:\/\/www.zenrouen.org\/\">Dojo zen de Rouen<\/a> \u00b7 5, rue Georges d\u2019Amboise \u00b7 76000 Rouen<br \/>\nResponsable\u00a0: Christian Espiau &#8211; <a href=\"http:\/\/www.zenrouen.org\/\">http:\/\/www.zenrouen.org\/<\/a><\/p>\n<p><strong>Rouen-Robec<\/strong> \u00b7 Groupe Zen du Robec \u00b7 2, rue du Tour \u00b7 76000 Rouen<br \/>\nResponsables : Diane Liorel, Bruno Mille, Alain Triballeau &#8211; Renseignements: +33 (0) 6 65 44 10 16 \u00b7\u00a0 <a href=\"mailto:gzr@ecomail.fr\">gzr@ecomail.fr<\/a><\/p>\n<p><strong>Saint Clar (Haute-Garonne) &#8211; <\/strong>1675 chemin du Piton \u00b7 31600 Saint-Clar-de-Rivi\u00e8re<br \/>\nResponsable : Eric Arabucki &#8211; Renseignements : +33 (0) 6 95 76 77 01 \u00b7\u00a0<a href=\"mailto:buckido31@gmail.com\" target=\"_blank\" rel=\"noopener\">buckido31@gmail.com<\/a><\/p>\n<p><strong>Saint-Gaudans (Haute-Garonne) &#8211;<\/strong> 6 avenue du G\u00e9n\u00e9ral Gallieni \u00b7 31800 Saint-Gaudens<br \/>\nResponsable : Bruno Peslerbe &#8211; Renseignements : 06 30 09 10 67<\/p>\n<p><strong>Valenciennes &#8211; <\/strong>Dojo zen de Valenciennes \u00b7 29, rue de Famars \u00b7 59300 Valenciennes<br \/>\nResponsable : Ren\u00e9 Lelong &#8211; Renseignements: Ren\u00e9 Lelong (+33) 6 72 59 00 25. \u00b7 <a href=\"mailto:zenval@laposte.net.\">zenval[@]laposte.net.<\/a><\/p>\n<h3>En Allemagne:<\/h3>\n<p><strong>Berlin: <\/strong><a href=\"http:\/\/www.zen-berlin.org\/de\/dojo-berlin\/\">Zen Dojo Berlin<\/a> \u00b7 Wassertorstr. 62 \u00b7 10969 Berlin<br \/>\nResponsables: Gerd Fuchs, Hermann Jansen \u00a0&#8211; <a href=\"http:\/\/www.zen-berlin.org\/de\/dojo-berlin\/\">http:\/\/www.zen-berlin.org\/de\/dojo-berlin\/<\/a><\/p>\n<p><strong>Flensburg:\u00a0 <\/strong><a href=\"http:\/\/www.zen-gruppe-flensburg.de\/\">Zen Gruppe Flensburg<\/a> (im Pastorat St.Nikolai) \u00b7 S\u00fcdermarkt 15 \u00b7 24937 Flensburg<br \/>\nResponsable: Torben Fr\u00f6hlich &#8211; <a href=\"http:\/\/www.zen-gruppe-flensburg.de\/\">http:\/\/www.zen-gruppe-flensburg.de\/<\/a><\/p>\n<p><strong>Halle:<\/strong> Zen Gruppe c\/o Lucius * Adolf-von-Harnack-Str. 9 * 06114 Halle (Saale)<\/p>\n<p>Responsable: Lucius Bobikiewicz &#8211; <a href=\"http:\/\/www.zen-meditation-in-halle.de\/\">http:\/\/www.zen-meditation-in-halle.de\/<\/a><\/p>\n<p><strong>Hamburg: <\/strong><a href=\"http:\/\/zendojohamburg.de\/\">Zen Dojo Hamburg<\/a> \u00b7 Holl\u00e4ndische Reihe 31a, Hinterhof, 1. Stock \u00b7 22765 Hamburg<br \/>\nResponsable: Gernot Kn\u00f6dler &#8211; <a href=\"http:\/\/zendojohamburg.de\/\">http:\/\/zendojohamburg.de\/<\/a><\/p>\n<p><strong>Ludwigslust: <\/strong><a href=\"http:\/\/www.zen-ludwigslust.de\">Zen Gruppe Ludwigslust<\/a> (im Mehrgenerationenhaus Zebef e.V.) \u00b7 Alexandrinenplatz 1 \u00b7 19288 Ludwigslust<br \/>\nResponsable: Bertrand Sch\u00fctz &#8211; <a href=\"http:\/\/www.zen-ludwigslust.de\/\">www.zen-ludwigslust.de<\/a><\/p>\n<p><strong>K\u00f6ln: <\/strong><a href=\"http:\/\/mugakan.de\">Dojo Mugakan<\/a> \u00b7 Auguststra\u00dfe 1 \u00b7 50733 K\u00f6ln<br \/>\nResponsable: Frank Tatas &#8211; <a href=\"http:\/\/mugakan.de\/Mugakan%20Zazen.html\">http:\/\/mugakan.de<\/a><\/p>\n<p><strong>M\u00fcllheim (Baden): <\/strong>Zen Gruppe M\u00fcllheim \u00b7 Etage Zwei, Wilhelmstra\u00dfe 6 \u00b7 79379 M\u00fcllheim<br \/>\nResponsable: Christoph Martin &#8211; Kontakt: christoph_martin[@]web.de<\/p>\n<p><strong>M\u00fcnchen: <\/strong>Zen Gruppe M\u00fcnchen (im Treffpunkt Theresienh\u00f6he ) \u00b7 Hans-Fischer-Str. 13 \u00b7 80339 M\u00fcnchen<br \/>\nResponsable: J\u00fcrgen Mattik &#8211; Kontakt: juergenmattik[@]gmx.de<\/p>\n<p><strong>T\u00fcbingen: <\/strong><a href=\"http:\/\/www.zendojotue.de\/\">Zen Dojo T\u00fcbingen \u00b7 \u00a0<\/a><span class=\"yiv2308407722\">G\u00e4nsackerg\u00e4\u00dfle 2 \u00b7\u00a0 <\/span><span class=\"yiv2308407722\">c\/o Takemusu Aikido \u00b7 <\/span><span class=\"yiv2308407722\">72074 T\u00fcbingen (Lustnau) &#8211; <\/span>Responsable: Uli Dietze &#8211; <a href=\"http:\/\/www.zendojotue.de\/\">http:\/\/www.zendojotue.de\/<\/a><\/p>\n<p><strong>Waren a.d. M\u00fcritz: <\/strong>Zen Gruppe Waren (in der Yogapraxis A. Mecklenburg) \u00b7 Kleingievitz Nr. 10 \u00b7\u00a0 Gro\u00df-Gievitz<br \/>\nResponsable: Grit Nagel &#8211; Kontakt: grit-nagel-kt[@]gmx.de<\/p>\n<h3>En Suisse :<\/h3>\n<p><strong>Buchs<\/strong> &#8211; <a href=\"http:\/\/members.aon.at\/samsarati\/dojopage1.html\">Zen Dojo Buchs<\/a> \u00b7 Technikumsstrasse 14\u00a0\u00b7 9470 Buchs<br \/>\nResponsable: Gerhard Reuteler &#8211; <a href=\"http:\/\/members.aon.at\/samsarati\/dojopage1.html\">http:\/\/members.aon.at\/samsarati\/dojopage1.html<\/a><\/p>\n<h4><\/h4>\n<h4>Kodo Sawaki \u00e9crit sur le dojo :<\/h4>\n<p>\u00ab Un groupe se comporte exactement comme un feu de charbon. Une braise enflamm\u00e9e que l\u2019on n\u2019attise pas s\u2019\u00e9teint toute seule. Un gros tas de braises devient un brasier ardent.<\/p>\n<p>Quand on est nombreux, chacun doit prendre sur soi de ne pas d\u00e9ranger les autres, en vertu de quoi l\u2019on obtient une atmosph\u00e8re unique. C\u2019est pr\u00e9cis\u00e9ment par cette ambiance qu\u2019on reconna\u00eet un dojo de la Voie du Bouddha. \u00bb<\/p>\n<h4><\/h4>\n<h4>Taisen Deshimaru \u00e9crit sur le dojo :<\/h4>\n<p>\u00ab &#8230;L\u2019atmosph\u00e8re du dojo, la pr\u00e9sence du ma\u00eetre et des disciples sont une aide pr\u00e9cieuse pour la m\u00e9ditation. Dans le dojo na\u00eet une \u00e9mulation qui vous emp\u00eache de c\u00e9der \u00e0 la premi\u00e8re fatigue, \u00e0 la premi\u00e8re douleur. Faire zazen ensemble, avec les autres, nous conduit \u00e0 pratiquer chaque zazen comme si c\u2019\u00e9tait la premi\u00e8re fois. \u00bb<\/p>\n<h4><\/h4>\n<h4>Philippe Coupey \u00e9crit sur le dojo :<\/h4>\n<p>\u00ab Chaque dojo ayant une pratique forte, solide, poss\u00e8de sa propre \u00e9nergie. C\u2019est une \u00e9nergie qui vient de <em>doshu<\/em> \u2014 la fa\u00e7on dont les personnes dans le dojo expriment la Voie \u00e0 travers leur corps et esprit.<\/p>\n<p>Si vous visitez un dojo et n\u2019y retournez pas pendant un certain temps, rappelez vous que cet endroit existe et que vous y avez re\u00e7u l\u2019enseignement Bouddhique. Et si vous y retournez, essayez s\u2019il vous plait de pratiquer de fa\u00e7on r\u00e9guli\u00e8re.<\/p>\n<p>Rappelez-vous de votre \u00e9tat d\u2019esprit au tout d\u00e9but. Ne devenez pas un v\u00e9t\u00e9ran de la pratique pensant conna\u00eetre plus que les autres personnes. L\u2019esprit du d\u00e9but: c\u2019est l\u2019esprit de zazen.<\/p>\n","protected":false},"excerpt":{"rendered":"<p>En France: Groupes zen en lien avec Philippe Reiryu Coupey, pour d&#8217;autres dojos dans la lign\u00e9e de Ma\u00eetre Deshimar, veuillez consulter le site web de l&#8217;Association Zen Internationale (AZI) Boulogne-Billancourt &#8211; \u00a0Dojo Zen de Boulogne\u00a0\u00b7 3, rue Nationale \u00b7 92100 Boulogne Responsables : Denis Crozet, Guillaume Faravel \u00b7 https:\/\/www.meditation-zen-boulogne.com Cergy &#8211; Dojo zen de Cergy [&hellip;]<\/p>\n","protected":false},"author":1,"featured_media":1273,"parent":0,"menu_order":1,"comment_status":"closed","ping_status":"closed","template":"","meta":{"_genesis_hide_title":false,"_genesis_hide_breadcrumbs":false,"_genesis_hide_singular_image":false,"_genesis_hide_footer_widgets":false,"_genesis_custom_body_class":"","_genesis_custom_post_class":"","_genesis_layout":"","footnotes":""},"class_list":{"0":"post-520","1":"page","2":"type-page","3":"status-publish","4":"has-post-thumbnail","6":"entry"},"translation":{"provider":"WPGlobus","version":"3.0.2","language":"en","enabled_languages":["fr","de","en"],"languages":{"fr":{"title":true,"content":true,"excerpt":false},"de":{"title":true,"content":true,"excerpt":false},"en":{"title":true,"content":true,"excerpt":false}}},"_links":{"self":[{"href":"https:\/\/zen-road.org\/en\/wp-json\/wp\/v2\/pages\/520","targetHints":{"allow":["GET"]}}],"collection":[{"href":"https:\/\/zen-road.org\/en\/wp-json\/wp\/v2\/pages"}],"about":[{"href":"https:\/\/zen-road.org\/en\/wp-json\/wp\/v2\/types\/page"}],"author":[{"embeddable":true,"href":"https:\/\/zen-road.org\/en\/wp-json\/wp\/v2\/users\/1"}],"replies":[{"embeddable":true,"href":"https:\/\/zen-road.org\/en\/wp-json\/wp\/v2\/comments?post=520"}],"version-history":[{"count":18,"href":"https:\/\/zen-road.org\/en\/wp-json\/wp\/v2\/pages\/520\/revisions"}],"predecessor-version":[{"id":6018,"href":"https:\/\/zen-road.org\/en\/wp-json\/wp\/v2\/pages\/520\/revisions\/6018"}],"wp:featuredmedia":[{"embeddable":true,"href":"https:\/\/zen-road.org\/en\/wp-json\/wp\/v2\/media\/1273"}],"wp:attachment":[{"href":"https:\/\/zen-road.org\/en\/wp-json\/wp\/v2\/media?parent=520"}],"curies":[{"name":"wp","href":"https:\/\/api.w.org\/{rel}","templated":true}]}}