{"id":6000,"date":"2025-05-12T17:35:10","date_gmt":"2025-05-12T15:35:10","guid":{"rendered":"https:\/\/zen-road.org\/?page_id=6000"},"modified":"2025-05-12T17:41:09","modified_gmt":"2025-05-12T15:41:09","slug":"impression-de-la-soiree-de-lancement-du-dernier-roman-de-philippe-coupey-vertu-sauvage","status":"publish","type":"page","link":"https:\/\/zen-road.org\/en\/impression-de-la-soiree-de-lancement-du-dernier-roman-de-philippe-coupey-vertu-sauvage\/","title":{"rendered":"Impression de la soir\u00e9e de lancement du dernier roman de Philippe Coupey &#8211; &#8220;Vertu Sauvage&#8221;"},"content":{"rendered":"\n<iframe loading=\"lazy\" src=\"https:\/\/drive.google.com\/file\/d\/1nxJOEp_o6eKR1i5depFeLtkjzLmcdv9v\/preview\" width=\"640\" height=\"480\" allow=\"autoplay\"><\/iframe>\n\n\n\n<p>Impression de la soir\u00e9e de lancement du dernier roman de Philippe Coupey, Vertu Sauvage\u00a0(\u00c9d. de l\u2019\u00c9veil, 2025, ISBN 978-2-37415-048-2 ). La soir\u00e9e a eu lieu le 15 mars 2025 \u00e0 la Galerie Librairie Impressions, Paris. Au programme : lecture sur musique avec Blanche Heugel et Gregor Storf, suivi d\u2019un \u00e9change avec l\u2019auteur et une s\u00e9ance de d\u00e9dicace.<\/p>\n","protected":false},"excerpt":{"rendered":"<p>Impression de la soir\u00e9e de lancement du dernier roman de Philippe Coupey, Vertu Sauvage\u00a0(\u00c9d. de l\u2019\u00c9veil, 2025, ISBN 978-2-37415-048-2 ). La soir\u00e9e a eu lieu le 15 mars 2025 \u00e0 la Galerie Librairie Impressions, Paris. Au programme : lecture sur musique avec Blanche Heugel et Gregor Storf, suivi d\u2019un \u00e9change avec l\u2019auteur et une s\u00e9ance [&hellip;]<\/p>\n","protected":false},"author":13,"featured_media":0,"parent":0,"menu_order":0,"comment_status":"closed","ping_status":"closed","template":"","meta":{"_genesis_hide_title":false,"_genesis_hide_breadcrumbs":false,"_genesis_hide_singular_image":false,"_genesis_hide_footer_widgets":false,"_genesis_custom_body_class":"","_genesis_custom_post_class":"","_genesis_layout":"","footnotes":""},"class_list":{"0":"post-6000","1":"page","2":"type-page","3":"status-publish","5":"entry"},"translation":{"provider":"WPGlobus","version":"3.0.2","language":"en","enabled_languages":["fr","de","en"],"languages":{"fr":{"title":true,"content":true,"excerpt":false},"de":{"title":false,"content":false,"excerpt":false},"en":{"title":false,"content":false,"excerpt":false}}},"_links":{"self":[{"href":"https:\/\/zen-road.org\/en\/wp-json\/wp\/v2\/pages\/6000","targetHints":{"allow":["GET"]}}],"collection":[{"href":"https:\/\/zen-road.org\/en\/wp-json\/wp\/v2\/pages"}],"about":[{"href":"https:\/\/zen-road.org\/en\/wp-json\/wp\/v2\/types\/page"}],"author":[{"embeddable":true,"href":"https:\/\/zen-road.org\/en\/wp-json\/wp\/v2\/users\/13"}],"replies":[{"embeddable":true,"href":"https:\/\/zen-road.org\/en\/wp-json\/wp\/v2\/comments?post=6000"}],"version-history":[{"count":1,"href":"https:\/\/zen-road.org\/en\/wp-json\/wp\/v2\/pages\/6000\/revisions"}],"predecessor-version":[{"id":6001,"href":"https:\/\/zen-road.org\/en\/wp-json\/wp\/v2\/pages\/6000\/revisions\/6001"}],"wp:attachment":[{"href":"https:\/\/zen-road.org\/en\/wp-json\/wp\/v2\/media?parent=6000"}],"curies":[{"name":"wp","href":"https:\/\/api.w.org\/{rel}","templated":true}]}}